{"id":744,"date":"2025-03-03T19:42:36","date_gmt":"2025-03-03T18:42:36","guid":{"rendered":"https:\/\/moviola.cz\/?page_id=744"},"modified":"2026-04-14T16:33:49","modified_gmt":"2026-04-14T14:33:49","slug":"a-storm-lies-ahead","status":"publish","type":"page","link":"https:\/\/moviola.cz\/en\/projects\/a-storm-lies-ahead\/","title":{"rendered":"A Storm Lies Ahead"},"content":{"rendered":"<div class=\"wp-block-columns is-layout-flex wp-container-core-columns-is-layout-28f84493 wp-block-columns-is-layout-flex\">\n<div class=\"wp-block-column is-layout-flow wp-block-column-is-layout-flow\">\n<figure class=\"wp-block-image size-full has-custom-border\"><img loading=\"lazy\" decoding=\"async\" width=\"3979\" height=\"2238\" src=\"https:\/\/moviola.cz\/wp-content\/uploads\/2025\/07\/A-Storm-Lies-Ahead-general-picture-2.jpg\" alt=\"\" class=\"wp-image-775\" style=\"border-style:none;border-width:0px;border-radius:58px;aspect-ratio:16\/9;object-fit:cover\" srcset=\"https:\/\/moviola.cz\/wp-content\/uploads\/2025\/07\/A-Storm-Lies-Ahead-general-picture-2.jpg 3979w, https:\/\/moviola.cz\/wp-content\/uploads\/2025\/07\/A-Storm-Lies-Ahead-general-picture-2-768x432.jpg 768w, https:\/\/moviola.cz\/wp-content\/uploads\/2025\/07\/A-Storm-Lies-Ahead-general-picture-2-1536x864.jpg 1536w, https:\/\/moviola.cz\/wp-content\/uploads\/2025\/07\/A-Storm-Lies-Ahead-general-picture-2-2048x1152.jpg 2048w, https:\/\/moviola.cz\/wp-content\/uploads\/2025\/07\/A-Storm-Lies-Ahead-general-picture-2-18x10.jpg 18w\" sizes=\"auto, (max-width: 3979px) 100vw, 3979px\" \/><\/figure>\n<\/div>\n\n\n\n<div class=\"wp-block-column is-layout-flow wp-block-column-is-layout-flow\"><h1 class=\"wp-block-post-title\">A Storm Lies Ahead<\/h1>\n\n\n<h4 class=\"wp-block-heading\"><em>V p\u00e1tek p\u0159ijde bou\u0159e<\/em><\/h4>\n\n\n\n<div style=\"height:10px\" aria-hidden=\"true\" class=\"wp-block-spacer\"><\/div>\n\n\n\n<p>\u2013 in development \u2013<br><br>Director: Ond\u0159ej Ho\u0161ek<\/p>\n<\/div>\n<\/div>\n\n\n\n<div class=\"wp-block-columns is-layout-flex wp-container-core-columns-is-layout-28f84493 wp-block-columns-is-layout-flex\">\n<div class=\"wp-block-column is-layout-flow wp-block-column-is-layout-flow\">\n<div class=\"wp-block-columns is-not-stacked-on-mobile is-layout-flex wp-container-core-columns-is-layout-647f94f7 wp-block-columns-is-layout-flex\" style=\"margin-top:0;margin-bottom:0;padding-top:0;padding-right:0;padding-bottom:0;padding-left:0\">\n<div class=\"wp-block-column is-vertically-aligned-center is-layout-flow wp-container-core-column-is-layout-b108c007 wp-block-column-is-layout-flow\" style=\"padding-right:0;padding-left:0\"><\/div>\n\n\n\n<div class=\"wp-block-column is-vertically-aligned-center is-layout-flow wp-block-column-is-layout-flow\"><\/div>\n\n\n\n<div class=\"wp-block-column is-vertically-aligned-center is-layout-flow wp-block-column-is-layout-flow\"><\/div>\n<\/div>\n<\/div>\n\n\n\n<div class=\"wp-block-column is-layout-flow wp-block-column-is-layout-flow\"><\/div>\n<\/div>\n\n\n\n<div class=\"wp-block-columns is-layout-flex wp-container-core-columns-is-layout-28f84493 wp-block-columns-is-layout-flex\">\n<div class=\"wp-block-column is-layout-flow wp-block-column-is-layout-flow\" style=\"flex-basis:45%\">\n<h3 class=\"wp-block-heading\" id=\"1-z%C3%A1kladn%C3%AD-informace\" style=\"padding-top:var(--wp--preset--spacing--20);padding-bottom:var(--wp--preset--spacing--20)\">Main Information<\/h3>\n\n\n<div class=\"wp-block-tableberg-wrapper justify-table-left wp-block-tableberg-table\" >\n\t\t\t<div class=\"tableberg-table-wrapper\" style=\"\">\n\t\t\t\t<table class = \"has-inner-border\" style=\"border-spacing: 0 0; --tableberg-cell-padding-top: 1px; --tableberg-cell-padding-bottom: 1px; --tableberg-cell-padding-right: var(--wp--preset--spacing--20); --tableberg-inner-border-top: none; --tableberg-inner-border-right: 0px none ; --tableberg-inner-border-bottom: 0px none ; --tableberg-inner-border-left: none; --tableberg-inner-border-top-first: 0px none ; --tableberg-inner-border-left-first: 0px none ; \" data-tableberg-header=\"\" data-tableberg-footer=\"\"  ><colgroup><col style=\"width: 50%; min-width: 50%; \"\/><col style=\"width: 50%; min-width: 50%; \"\/><\/colgroup><tbody><tr class=\"tableberg-odd-row\" style=\"\">\n<td data-tableberg-row=\"0\" data-tableberg-col=\"0\" style=\"\" class=\"wp-block-tableberg-cell tableberg-v-align-top\"><div class=\"tableberg-cell-inner\" style=\"display: block; justify-content: center; flex-wrap: wrap; \">\n<p>Running Time<\/p>\n<\/div><\/td>\n\n<td data-tableberg-row=\"0\" data-tableberg-col=\"1\" style=\"\" class=\"wp-block-tableberg-cell tableberg-v-align-top\"><div class=\"tableberg-cell-inner\" style=\"display: block; justify-content: center; flex-wrap: wrap; \">\n<p>20 minutes<\/p>\n<\/div><\/td>\n<\/tr><tr class=\"tableberg-even-row\" style=\"\">\n<td data-tableberg-row=\"1\" data-tableberg-col=\"0\" style=\"\" class=\"wp-block-tableberg-cell tableberg-v-align-top\"><div class=\"tableberg-cell-inner\" style=\"display: block; justify-content: center; flex-wrap: wrap; \">\n<p>Genre<\/p>\n<\/div><\/td>\n\n<td data-tableberg-row=\"1\" data-tableberg-col=\"1\" style=\"\" class=\"wp-block-tableberg-cell tableberg-v-align-top\"><div class=\"tableberg-cell-inner\" style=\"display: block; justify-content: center; flex-wrap: wrap; \">\n<p>Drama<\/p>\n<\/div><\/td>\n<\/tr><\/tbody><\/table>\n\t\t\t<\/div>\n\t\t<\/div>\n\n<div class=\"wp-block-tableberg-wrapper justify-table-left wp-block-tableberg-table\" >\n\t\t\t<div class=\"tableberg-table-wrapper\" style=\"\">\n\t\t\t\t<table class = \"has-inner-border\" style=\"border-spacing: 0 0; --tableberg-cell-padding-top: 1px; --tableberg-cell-padding-bottom: 1px; --tableberg-cell-padding-right: var(--wp--preset--spacing--20); --tableberg-inner-border-top: none; --tableberg-inner-border-right: 0px none ; --tableberg-inner-border-bottom: 0px none ; --tableberg-inner-border-left: none; --tableberg-inner-border-top-first: 0px none ; --tableberg-inner-border-left-first: 0px none ; \" data-tableberg-header=\"\" data-tableberg-footer=\"\"  ><colgroup><col style=\"width: 50%; min-width: 50%; \"\/><col style=\"width: 50%; min-width: 50%; \"\/><\/colgroup><tbody><tr class=\"tableberg-odd-row\" style=\"\">\n<td data-tableberg-row=\"0\" data-tableberg-col=\"0\" style=\"\" class=\"wp-block-tableberg-cell tableberg-v-align-top\"><div class=\"tableberg-cell-inner\" style=\"display: block; justify-content: center; flex-wrap: wrap; \">\n<p>Producer<\/p>\n<\/div><\/td>\n\n<td data-tableberg-row=\"0\" data-tableberg-col=\"1\" style=\"\" class=\"wp-block-tableberg-cell tableberg-v-align-top\"><div class=\"tableberg-cell-inner\" style=\"display: block; justify-content: center; flex-wrap: wrap; \">\n<p>Moviola<\/p>\n<\/div><\/td>\n<\/tr><tr class=\"tableberg-even-row\" style=\"\">  <\/tr><\/tbody><\/table>\n\t\t\t<\/div>\n\t\t<\/div>\n\n<div class=\"wp-block-tableberg-wrapper justify-table-left wp-block-tableberg-table\" >\n\t\t\t<div class=\"tableberg-table-wrapper\" style=\"\">\n\t\t\t\t<table class = \"has-inner-border\" style=\"border-spacing: 0 0; --tableberg-cell-padding-top: 1px; --tableberg-cell-padding-bottom: 1px; --tableberg-cell-padding-right: var(--wp--preset--spacing--20); --tableberg-inner-border-top: none; --tableberg-inner-border-right: 0px none ; --tableberg-inner-border-bottom: 0px none ; --tableberg-inner-border-left: none; --tableberg-inner-border-top-first: 0px none ; --tableberg-inner-border-left-first: 0px none ; \" data-tableberg-header=\"\" data-tableberg-footer=\"\"  ><colgroup><col style=\"width: 50%; min-width: 50%; \"\/><col style=\"width: 50%; min-width: 50%; \"\/><\/colgroup><tbody><tr class=\"tableberg-odd-row\" style=\"\">\n<td data-tableberg-row=\"0\" data-tableberg-col=\"0\" style=\"\" class=\"wp-block-tableberg-cell tableberg-v-align-top\"><div class=\"tableberg-cell-inner\" style=\"display: block; justify-content: center; flex-wrap: wrap; \">\n<p>Co-producer<\/p>\n<\/div><\/td>\n\n<td data-tableberg-row=\"0\" data-tableberg-col=\"1\" style=\"\" class=\"wp-block-tableberg-cell tableberg-v-align-top\"><div class=\"tableberg-cell-inner\" style=\"display: block; justify-content: center; flex-wrap: wrap; \">\n<p>FAMU<\/p>\n<\/div><\/td>\n<\/tr><tr class=\"tableberg-even-row\" style=\"\">  <\/tr><\/tbody><\/table>\n\t\t\t<\/div>\n\t\t<\/div>\n\n<div class=\"wp-block-tableberg-wrapper justify-table-left wp-block-tableberg-table\" >\n\t\t\t<div class=\"tableberg-table-wrapper\" style=\"\">\n\t\t\t\t<table class = \"has-inner-border\" style=\"border-spacing: 0 0; --tableberg-cell-padding-top: 1px; --tableberg-cell-padding-bottom: 1px; --tableberg-cell-padding-right: var(--wp--preset--spacing--20); --tableberg-inner-border-top: none; --tableberg-inner-border-right: 0px none ; --tableberg-inner-border-bottom: 0px none ; --tableberg-inner-border-left: none; --tableberg-inner-border-top-first: 0px none ; --tableberg-inner-border-left-first: 0px none ; \" data-tableberg-header=\"\" data-tableberg-footer=\"\"  ><colgroup><col style=\"width: 50%; min-width: 50%; \"\/><col style=\"width: 50%; min-width: 50%; \"\/><\/colgroup><tbody><tr class=\"tableberg-odd-row\" style=\"\">\n<td data-tableberg-row=\"0\" data-tableberg-col=\"0\" style=\"\" class=\"wp-block-tableberg-cell tableberg-v-align-top\"><div class=\"tableberg-cell-inner\" style=\"display: block; justify-content: center; flex-wrap: wrap; \">\n<p>With Support of<\/p>\n<\/div><\/td>\n\n<td data-tableberg-row=\"0\" data-tableberg-col=\"1\" style=\"\" class=\"wp-block-tableberg-cell tableberg-v-align-top\"><div class=\"tableberg-cell-inner\" style=\"display: block; justify-content: center; flex-wrap: wrap; \">\n<p>Pilsen Region<\/p>\n<\/div><\/td>\n<\/tr><tr class=\"tableberg-even-row\" style=\"\">  <\/tr><\/tbody><\/table>\n\t\t\t<\/div>\n\t\t<\/div>\n\n\n<div style=\"height:10px\" aria-hidden=\"true\" class=\"wp-block-spacer\"><\/div>\n\n\n\n<div class=\"wp-block-columns is-not-stacked-on-mobile is-layout-flex wp-container-core-columns-is-layout-647f94f7 wp-block-columns-is-layout-flex\" style=\"margin-top:0;margin-bottom:0;padding-top:0;padding-right:0;padding-bottom:0;padding-left:0\">\n<div class=\"wp-block-column is-vertically-aligned-center is-layout-flow wp-container-core-column-is-layout-b108c007 wp-block-column-is-layout-flow\" style=\"padding-right:0;padding-left:0\">\n<figure class=\"wp-block-image size-full\"><img loading=\"lazy\" decoding=\"async\" width=\"1500\" height=\"600\" src=\"https:\/\/moviola.cz\/wp-content\/uploads\/2024\/06\/PK-logo-zona-BILA_PNG.png\" alt=\"\" class=\"wp-image-388\" srcset=\"https:\/\/moviola.cz\/wp-content\/uploads\/2024\/06\/PK-logo-zona-BILA_PNG.png 1500w, https:\/\/moviola.cz\/wp-content\/uploads\/2024\/06\/PK-logo-zona-BILA_PNG-768x307.png 768w, https:\/\/moviola.cz\/wp-content\/uploads\/2024\/06\/PK-logo-zona-BILA_PNG-18x7.png 18w\" sizes=\"auto, (max-width: 1500px) 100vw, 1500px\" \/><\/figure>\n<\/div>\n\n\n\n<div class=\"wp-block-column is-vertically-aligned-center is-layout-flow wp-block-column-is-layout-flow\"><\/div>\n\n\n\n<div class=\"wp-block-column is-vertically-aligned-center is-layout-flow wp-block-column-is-layout-flow\"><\/div>\n<\/div>\n<\/div>\n<\/div>\n\n\n\n<p><\/p>","protected":false},"excerpt":{"rendered":"<p>A Storm Lies Ahead &#8211; ve v\u00fdvoji &#8211; Re\u017eie: Ond\u0159ej Ho\u0161ek Z\u00e1kladn\u00ed informace<\/p>","protected":false},"author":1,"featured_media":0,"parent":46,"menu_order":0,"comment_status":"closed","ping_status":"closed","template":"","meta":{"footnotes":""},"class_list":["post-744","page","type-page","status-publish","hentry"],"featured_image_src":null,"yoast_head":"<!-- This site is optimized with the Yoast SEO plugin v27.3 - https:\/\/yoast.com\/product\/yoast-seo-wordpress\/ -->\n<title>V p\u00e1tek p\u0159ijde bou\u0159e &#8212; Moviola<\/title>\n<meta name=\"description\" content=\"Kr\u00e1tk\u00fd hran\u00fd film Ond\u0159eje Ho\u0161ka.\" \/>\n<meta name=\"robots\" content=\"index, follow, max-snippet:-1, max-image-preview:large, max-video-preview:-1\" \/>\n<link rel=\"canonical\" href=\"https:\/\/moviola.cz\/en\/projects\/a-storm-lies-ahead\/\" \/>\n<meta property=\"og:locale\" content=\"en_GB\" \/>\n<meta property=\"og:type\" content=\"article\" \/>\n<meta property=\"og:title\" content=\"V p\u00e1tek p\u0159ijde bou\u0159e &#8212; Moviola\" \/>\n<meta property=\"og:description\" content=\"Kr\u00e1tk\u00fd hran\u00fd film Ond\u0159eje Ho\u0161ka.\" \/>\n<meta property=\"og:url\" content=\"https:\/\/moviola.cz\/en\/projects\/a-storm-lies-ahead\/\" \/>\n<meta property=\"og:site_name\" content=\"Moviola\" \/>\n<meta property=\"article:publisher\" content=\"https:\/\/www.facebook.com\/moviola.cz\" \/>\n<meta property=\"article:modified_time\" content=\"2026-04-14T14:33:49+00:00\" \/>\n<meta property=\"og:image\" content=\"https:\/\/moviola.cz\/wp-content\/uploads\/2025\/07\/A-Storm-Lies-Ahead-general-picture-2.jpg\" \/>\n\t<meta property=\"og:image:width\" content=\"3979\" \/>\n\t<meta property=\"og:image:height\" content=\"2238\" \/>\n\t<meta property=\"og:image:type\" content=\"image\/jpeg\" \/>\n<meta name=\"twitter:card\" content=\"summary_large_image\" \/>\n<meta name=\"twitter:label1\" content=\"Estimated reading time\" \/>\n\t<meta name=\"twitter:data1\" content=\"1 minute\" \/>\n<script type=\"application\/ld+json\" class=\"yoast-schema-graph\">{\"@context\":\"https:\\\/\\\/schema.org\",\"@graph\":[{\"@type\":\"WebPage\",\"@id\":\"https:\\\/\\\/moviola.cz\\\/projects\\\/a-storm-lies-ahead\\\/\",\"url\":\"https:\\\/\\\/moviola.cz\\\/projects\\\/a-storm-lies-ahead\\\/\",\"name\":\"V p\u00e1tek p\u0159ijde bou\u0159e &#8212; Moviola\",\"isPartOf\":{\"@id\":\"https:\\\/\\\/moviola.cz\\\/#website\"},\"primaryImageOfPage\":{\"@id\":\"https:\\\/\\\/moviola.cz\\\/projects\\\/a-storm-lies-ahead\\\/#primaryimage\"},\"image\":{\"@id\":\"https:\\\/\\\/moviola.cz\\\/projects\\\/a-storm-lies-ahead\\\/#primaryimage\"},\"thumbnailUrl\":\"https:\\\/\\\/moviola.cz\\\/wp-content\\\/uploads\\\/2025\\\/07\\\/A-Storm-Lies-Ahead-general-picture-2.jpg\",\"datePublished\":\"2025-03-03T18:42:36+00:00\",\"dateModified\":\"2026-04-14T14:33:49+00:00\",\"description\":\"Kr\u00e1tk\u00fd hran\u00fd film Ond\u0159eje Ho\u0161ka.\",\"breadcrumb\":{\"@id\":\"https:\\\/\\\/moviola.cz\\\/projects\\\/a-storm-lies-ahead\\\/#breadcrumb\"},\"inLanguage\":\"en-GB\",\"potentialAction\":[{\"@type\":\"ReadAction\",\"target\":[\"https:\\\/\\\/moviola.cz\\\/projects\\\/a-storm-lies-ahead\\\/\"]}]},{\"@type\":\"ImageObject\",\"inLanguage\":\"en-GB\",\"@id\":\"https:\\\/\\\/moviola.cz\\\/projects\\\/a-storm-lies-ahead\\\/#primaryimage\",\"url\":\"https:\\\/\\\/moviola.cz\\\/wp-content\\\/uploads\\\/2025\\\/07\\\/A-Storm-Lies-Ahead-general-picture-2.jpg\",\"contentUrl\":\"https:\\\/\\\/moviola.cz\\\/wp-content\\\/uploads\\\/2025\\\/07\\\/A-Storm-Lies-Ahead-general-picture-2.jpg\"},{\"@type\":\"BreadcrumbList\",\"@id\":\"https:\\\/\\\/moviola.cz\\\/projects\\\/a-storm-lies-ahead\\\/#breadcrumb\",\"itemListElement\":[{\"@type\":\"ListItem\",\"position\":1,\"name\":\"Dom\u016f\",\"item\":\"https:\\\/\\\/moviola.cz\\\/\"},{\"@type\":\"ListItem\",\"position\":2,\"name\":\"Projekty\",\"item\":\"https:\\\/\\\/moviola.cz\\\/projects\\\/\"},{\"@type\":\"ListItem\",\"position\":3,\"name\":\"V p\u00e1tek p\u0159ijde bou\u0159e\"}]},{\"@type\":\"WebSite\",\"@id\":\"https:\\\/\\\/moviola.cz\\\/#website\",\"url\":\"https:\\\/\\\/moviola.cz\\\/\",\"name\":\"Moviola\",\"description\":\"Nez\u00e1visl\u00e1 filmov\u00e1 produkce p\u016fsob\u00edc\u00ed v Praze\",\"publisher\":{\"@id\":\"https:\\\/\\\/moviola.cz\\\/#organization\"},\"potentialAction\":[{\"@type\":\"SearchAction\",\"target\":{\"@type\":\"EntryPoint\",\"urlTemplate\":\"https:\\\/\\\/moviola.cz\\\/?s={search_term_string}\"},\"query-input\":{\"@type\":\"PropertyValueSpecification\",\"valueRequired\":true,\"valueName\":\"search_term_string\"}}],\"inLanguage\":\"en-GB\"},{\"@type\":\"Organization\",\"@id\":\"https:\\\/\\\/moviola.cz\\\/#organization\",\"name\":\"Moviola\",\"url\":\"https:\\\/\\\/moviola.cz\\\/\",\"logo\":{\"@type\":\"ImageObject\",\"inLanguage\":\"en-GB\",\"@id\":\"https:\\\/\\\/moviola.cz\\\/#\\\/schema\\\/logo\\\/image\\\/\",\"url\":\"https:\\\/\\\/moviola.cz\\\/wp-content\\\/uploads\\\/2024\\\/11\\\/moviola-logo-new-white-1000px.png\",\"contentUrl\":\"https:\\\/\\\/moviola.cz\\\/wp-content\\\/uploads\\\/2024\\\/11\\\/moviola-logo-new-white-1000px.png\",\"width\":1000,\"height\":368,\"caption\":\"Moviola\"},\"image\":{\"@id\":\"https:\\\/\\\/moviola.cz\\\/#\\\/schema\\\/logo\\\/image\\\/\"},\"sameAs\":[\"https:\\\/\\\/www.facebook.com\\\/moviola.cz\",\"https:\\\/\\\/www.instagram.com\\\/moviola.cz\"]}]}<\/script>\n<!-- \/ Yoast SEO plugin. -->","yoast_head_json":{"title":"V p\u00e1tek p\u0159ijde bou\u0159e &#8212; Moviola","description":"Kr\u00e1tk\u00fd hran\u00fd film Ond\u0159eje Ho\u0161ka.","robots":{"index":"index","follow":"follow","max-snippet":"max-snippet:-1","max-image-preview":"max-image-preview:large","max-video-preview":"max-video-preview:-1"},"canonical":"https:\/\/moviola.cz\/en\/projects\/a-storm-lies-ahead\/","og_locale":"en_GB","og_type":"article","og_title":"V p\u00e1tek p\u0159ijde bou\u0159e &#8212; Moviola","og_description":"Kr\u00e1tk\u00fd hran\u00fd film Ond\u0159eje Ho\u0161ka.","og_url":"https:\/\/moviola.cz\/en\/projects\/a-storm-lies-ahead\/","og_site_name":"Moviola","article_publisher":"https:\/\/www.facebook.com\/moviola.cz","article_modified_time":"2026-04-14T14:33:49+00:00","og_image":[{"width":3979,"height":2238,"url":"https:\/\/moviola.cz\/wp-content\/uploads\/2025\/07\/A-Storm-Lies-Ahead-general-picture-2.jpg","type":"image\/jpeg"}],"twitter_card":"summary_large_image","twitter_misc":{"Estimated reading time":"1 minute"},"schema":{"@context":"https:\/\/schema.org","@graph":[{"@type":"WebPage","@id":"https:\/\/moviola.cz\/projects\/a-storm-lies-ahead\/","url":"https:\/\/moviola.cz\/projects\/a-storm-lies-ahead\/","name":"V p\u00e1tek p\u0159ijde bou\u0159e &#8212; Moviola","isPartOf":{"@id":"https:\/\/moviola.cz\/#website"},"primaryImageOfPage":{"@id":"https:\/\/moviola.cz\/projects\/a-storm-lies-ahead\/#primaryimage"},"image":{"@id":"https:\/\/moviola.cz\/projects\/a-storm-lies-ahead\/#primaryimage"},"thumbnailUrl":"https:\/\/moviola.cz\/wp-content\/uploads\/2025\/07\/A-Storm-Lies-Ahead-general-picture-2.jpg","datePublished":"2025-03-03T18:42:36+00:00","dateModified":"2026-04-14T14:33:49+00:00","description":"Kr\u00e1tk\u00fd hran\u00fd film Ond\u0159eje Ho\u0161ka.","breadcrumb":{"@id":"https:\/\/moviola.cz\/projects\/a-storm-lies-ahead\/#breadcrumb"},"inLanguage":"en-GB","potentialAction":[{"@type":"ReadAction","target":["https:\/\/moviola.cz\/projects\/a-storm-lies-ahead\/"]}]},{"@type":"ImageObject","inLanguage":"en-GB","@id":"https:\/\/moviola.cz\/projects\/a-storm-lies-ahead\/#primaryimage","url":"https:\/\/moviola.cz\/wp-content\/uploads\/2025\/07\/A-Storm-Lies-Ahead-general-picture-2.jpg","contentUrl":"https:\/\/moviola.cz\/wp-content\/uploads\/2025\/07\/A-Storm-Lies-Ahead-general-picture-2.jpg"},{"@type":"BreadcrumbList","@id":"https:\/\/moviola.cz\/projects\/a-storm-lies-ahead\/#breadcrumb","itemListElement":[{"@type":"ListItem","position":1,"name":"Dom\u016f","item":"https:\/\/moviola.cz\/"},{"@type":"ListItem","position":2,"name":"Projekty","item":"https:\/\/moviola.cz\/projects\/"},{"@type":"ListItem","position":3,"name":"V p\u00e1tek p\u0159ijde bou\u0159e"}]},{"@type":"WebSite","@id":"https:\/\/moviola.cz\/#website","url":"https:\/\/moviola.cz\/","name":"Moviola","description":"Nez\u00e1visl\u00e1 filmov\u00e1 produkce p\u016fsob\u00edc\u00ed v Praze","publisher":{"@id":"https:\/\/moviola.cz\/#organization"},"potentialAction":[{"@type":"SearchAction","target":{"@type":"EntryPoint","urlTemplate":"https:\/\/moviola.cz\/?s={search_term_string}"},"query-input":{"@type":"PropertyValueSpecification","valueRequired":true,"valueName":"search_term_string"}}],"inLanguage":"en-GB"},{"@type":"Organization","@id":"https:\/\/moviola.cz\/#organization","name":"Moviola","url":"https:\/\/moviola.cz\/","logo":{"@type":"ImageObject","inLanguage":"en-GB","@id":"https:\/\/moviola.cz\/#\/schema\/logo\/image\/","url":"https:\/\/moviola.cz\/wp-content\/uploads\/2024\/11\/moviola-logo-new-white-1000px.png","contentUrl":"https:\/\/moviola.cz\/wp-content\/uploads\/2024\/11\/moviola-logo-new-white-1000px.png","width":1000,"height":368,"caption":"Moviola"},"image":{"@id":"https:\/\/moviola.cz\/#\/schema\/logo\/image\/"},"sameAs":["https:\/\/www.facebook.com\/moviola.cz","https:\/\/www.instagram.com\/moviola.cz"]}]}},"_links":{"self":[{"href":"https:\/\/moviola.cz\/en\/wp-json\/wp\/v2\/pages\/744","targetHints":{"allow":["GET"]}}],"collection":[{"href":"https:\/\/moviola.cz\/en\/wp-json\/wp\/v2\/pages"}],"about":[{"href":"https:\/\/moviola.cz\/en\/wp-json\/wp\/v2\/types\/page"}],"author":[{"embeddable":true,"href":"https:\/\/moviola.cz\/en\/wp-json\/wp\/v2\/users\/1"}],"replies":[{"embeddable":true,"href":"https:\/\/moviola.cz\/en\/wp-json\/wp\/v2\/comments?post=744"}],"version-history":[{"count":9,"href":"https:\/\/moviola.cz\/en\/wp-json\/wp\/v2\/pages\/744\/revisions"}],"predecessor-version":[{"id":963,"href":"https:\/\/moviola.cz\/en\/wp-json\/wp\/v2\/pages\/744\/revisions\/963"}],"up":[{"embeddable":true,"href":"https:\/\/moviola.cz\/en\/wp-json\/wp\/v2\/pages\/46"}],"wp:attachment":[{"href":"https:\/\/moviola.cz\/en\/wp-json\/wp\/v2\/media?parent=744"}],"curies":[{"name":"wp","href":"https:\/\/api.w.org\/{rel}","templated":true}]}}