{"id":737,"date":"2025-03-03T18:21:13","date_gmt":"2025-03-03T17:21:13","guid":{"rendered":"https:\/\/moviola.cz\/?page_id=737"},"modified":"2026-04-14T16:27:47","modified_gmt":"2026-04-14T14:27:47","slug":"case-no-4","status":"publish","type":"page","link":"https:\/\/moviola.cz\/en\/projects\/case-no-4\/","title":{"rendered":"Case No. 4"},"content":{"rendered":"<div class=\"wp-block-columns is-layout-flex wp-container-core-columns-is-layout-28f84493 wp-block-columns-is-layout-flex\">\n<div class=\"wp-block-column is-layout-flow wp-block-column-is-layout-flow\">\n<figure class=\"wp-block-image size-full has-custom-border\"><img loading=\"lazy\" decoding=\"async\" width=\"1920\" height=\"1080\" src=\"https:\/\/moviola.cz\/wp-content\/uploads\/2025\/03\/case-no-4-general-image.jpg\" alt=\"\" class=\"wp-image-739\" style=\"border-style:none;border-width:0px;border-radius:58px\" srcset=\"https:\/\/moviola.cz\/wp-content\/uploads\/2025\/03\/case-no-4-general-image.jpg 1920w, https:\/\/moviola.cz\/wp-content\/uploads\/2025\/03\/case-no-4-general-image-768x432.jpg 768w, https:\/\/moviola.cz\/wp-content\/uploads\/2025\/03\/case-no-4-general-image-1536x864.jpg 1536w, https:\/\/moviola.cz\/wp-content\/uploads\/2025\/03\/case-no-4-general-image-18x10.jpg 18w\" sizes=\"auto, (max-width: 1920px) 100vw, 1920px\" \/><\/figure>\n<\/div>\n\n\n\n<div class=\"wp-block-column is-layout-flow wp-block-column-is-layout-flow\"><h1 class=\"wp-block-post-title\">Case No. 4<\/h1>\n\n\n<h4 class=\"wp-block-heading\"><em>P\u0159\u00edpad \u010d. 4<\/em><\/h4>\n\n\n\n<div style=\"height:10px\" aria-hidden=\"true\" class=\"wp-block-spacer\"><\/div>\n\n\n\n<p>-- in postproduction --<\/p>\n\n\n\n<p>It\u2019s 1963, and K\u00e1ja\u2019s older brother is in the hospital with meningitis. As helpless K\u00e1ja endures the endless wait for his recovery, she begins to notice terrifying connections that the adults have yet to realize.<br><br>Directress: Krist\u00fdna Jandov\u00e1<\/p>\n<\/div>\n<\/div>\n\n\n\n<div style=\"height:25px\" aria-hidden=\"true\" class=\"wp-block-spacer\"><\/div>\n\n\n\n<div class=\"wp-block-columns is-layout-flex wp-container-core-columns-is-layout-28f84493 wp-block-columns-is-layout-flex\">\n<div class=\"wp-block-column is-layout-flow wp-block-column-is-layout-flow\" style=\"flex-basis:45%\">\n<h3 class=\"wp-block-heading\" id=\"1-z%C3%A1kladn%C3%AD-informace\">Main Information<\/h3>\n\n\n<div class=\"wp-block-tableberg-wrapper justify-table-left wp-block-tableberg-table\" >\n\t\t\t<div class=\"tableberg-table-wrapper\" style=\"\">\n\t\t\t\t<table class = \"has-inner-border\" style=\"border-spacing: 0 0; --tableberg-cell-padding-top: 1px; --tableberg-cell-padding-bottom: 1px; --tableberg-cell-padding-right: var(--wp--preset--spacing--20); --tableberg-inner-border-top: none; --tableberg-inner-border-right: 0px none ; --tableberg-inner-border-bottom: 0px none ; --tableberg-inner-border-left: none; --tableberg-inner-border-top-first: 0px none ; --tableberg-inner-border-left-first: 0px none ; \" data-tableberg-header=\"\" data-tableberg-footer=\"\"  ><colgroup><col style=\"width: 50%; min-width: 50%; \"\/><col style=\"width: 50%; min-width: 50%; \"\/><\/colgroup><tbody><tr class=\"tableberg-odd-row\" style=\"\">\n<td data-tableberg-row=\"0\" data-tableberg-col=\"0\" style=\"\" class=\"wp-block-tableberg-cell tableberg-v-align-top\"><div class=\"tableberg-cell-inner\" style=\"display: block; justify-content: center; flex-wrap: wrap; \">\n<p>Running Time<\/p>\n<\/div><\/td>\n\n<td data-tableberg-row=\"0\" data-tableberg-col=\"1\" style=\"\" class=\"wp-block-tableberg-cell tableberg-v-align-top\"><div class=\"tableberg-cell-inner\" style=\"display: block; justify-content: center; flex-wrap: wrap; \">\n<p>12 minutes<\/p>\n<\/div><\/td>\n<\/tr><tr class=\"tableberg-even-row\" style=\"\">\n<td data-tableberg-row=\"1\" data-tableberg-col=\"0\" style=\"\" class=\"wp-block-tableberg-cell tableberg-v-align-top\"><div class=\"tableberg-cell-inner\" style=\"display: block; justify-content: center; flex-wrap: wrap; \">\n<p>Genre<\/p>\n<\/div><\/td>\n\n<td data-tableberg-row=\"1\" data-tableberg-col=\"1\" style=\"\" class=\"wp-block-tableberg-cell tableberg-v-align-top\"><div class=\"tableberg-cell-inner\" style=\"display: block; justify-content: center; flex-wrap: wrap; \">\n<p>Drama, Thriller<\/p>\n<\/div><\/td>\n<\/tr><\/tbody><\/table>\n\t\t\t<\/div>\n\t\t<\/div>\n\n<div class=\"wp-block-tableberg-wrapper justify-table-left wp-block-tableberg-table\" >\n\t\t\t<div class=\"tableberg-table-wrapper\" style=\"\">\n\t\t\t\t<table class = \"has-inner-border\" style=\"border-spacing: 0 0; --tableberg-cell-padding-top: 1px; --tableberg-cell-padding-bottom: 1px; --tableberg-cell-padding-right: var(--wp--preset--spacing--20); --tableberg-inner-border-top: none; --tableberg-inner-border-right: 0px none ; --tableberg-inner-border-bottom: 0px none ; --tableberg-inner-border-left: none; --tableberg-inner-border-top-first: 0px none ; --tableberg-inner-border-left-first: 0px none ; \" data-tableberg-header=\"\" data-tableberg-footer=\"\"  ><colgroup><col style=\"width: 50%; min-width: 50%; \"\/><col style=\"width: 50%; min-width: 50%; \"\/><\/colgroup><tbody><tr class=\"tableberg-odd-row\" style=\"\">\n<td data-tableberg-row=\"0\" data-tableberg-col=\"0\" style=\"\" class=\"wp-block-tableberg-cell tableberg-v-align-top\"><div class=\"tableberg-cell-inner\" style=\"display: block; justify-content: center; flex-wrap: wrap; \">\n<p>Producer<\/p>\n<\/div><\/td>\n\n<td data-tableberg-row=\"0\" data-tableberg-col=\"1\" style=\"\" class=\"wp-block-tableberg-cell tableberg-v-align-top\"><div class=\"tableberg-cell-inner\" style=\"display: block; justify-content: center; flex-wrap: wrap; \">\n<p>Moviola<\/p>\n<\/div><\/td>\n<\/tr><tr class=\"tableberg-even-row\" style=\"\">  <\/tr><\/tbody><\/table>\n\t\t\t<\/div>\n\t\t<\/div>\n\n<div class=\"wp-block-tableberg-wrapper justify-table-left wp-block-tableberg-table\" >\n\t\t\t<div class=\"tableberg-table-wrapper\" style=\"\">\n\t\t\t\t<table class = \"has-inner-border\" style=\"border-spacing: 0 0; --tableberg-cell-padding-top: 1px; --tableberg-cell-padding-bottom: 1px; --tableberg-cell-padding-right: var(--wp--preset--spacing--20); --tableberg-inner-border-top: none; --tableberg-inner-border-right: 0px none ; --tableberg-inner-border-bottom: 0px none ; --tableberg-inner-border-left: none; --tableberg-inner-border-top-first: 0px none ; --tableberg-inner-border-left-first: 0px none ; \" data-tableberg-header=\"\" data-tableberg-footer=\"\"  ><colgroup><col style=\"width: 50%; min-width: 50%; \"\/><col style=\"width: 50%; min-width: 50%; \"\/><\/colgroup><tbody><tr class=\"tableberg-odd-row\" style=\"\">\n<td data-tableberg-row=\"0\" data-tableberg-col=\"0\" style=\"\" class=\"wp-block-tableberg-cell tableberg-v-align-top\"><div class=\"tableberg-cell-inner\" style=\"display: block; justify-content: center; flex-wrap: wrap; \">\n<p>Co-producers<\/p>\n<\/div><\/td>\n\n<td data-tableberg-row=\"0\" data-tableberg-col=\"1\" style=\"\" class=\"wp-block-tableberg-cell tableberg-v-align-top\"><div class=\"tableberg-cell-inner\" style=\"display: block; justify-content: center; flex-wrap: wrap; \">\n<p>FAMU<\/p>\n<\/div><\/td>\n<\/tr><tr class=\"tableberg-even-row\" style=\"\">\n<td data-tableberg-row=\"1\" data-tableberg-col=\"0\" style=\"\" class=\"wp-block-tableberg-cell tableberg-v-align-center\"><div class=\"tableberg-cell-inner\" style=\"display: block; justify-content: center; flex-wrap: wrap; \">\n<p><\/p>\n<\/div><\/td>\n\n<td data-tableberg-row=\"1\" data-tableberg-col=\"1\" style=\"\" class=\"wp-block-tableberg-cell tableberg-v-align-center\"><div class=\"tableberg-cell-inner\" style=\"display: block; justify-content: center; flex-wrap: wrap; \">\n<p>Endowment Fund FILMTALENT Zl\u00edn<\/p>\n<\/div><\/td>\n<\/tr><tr class=\"tableberg-odd-row\" style=\"\">  <\/tr><\/tbody><\/table>\n\t\t\t<\/div>\n\t\t<\/div>\n\n\n<div class=\"wp-block-columns is-not-stacked-on-mobile is-layout-flex wp-container-core-columns-is-layout-81a22e7a wp-block-columns-is-layout-flex\" style=\"margin-top:0;margin-bottom:0;padding-top:var(--wp--preset--spacing--20);padding-right:0;padding-bottom:var(--wp--preset--spacing--20);padding-left:0\">\n<div class=\"wp-block-column is-vertically-aligned-center is-layout-flow wp-block-column-is-layout-flow\">\n<figure class=\"wp-block-image size-full\"><img loading=\"lazy\" decoding=\"async\" width=\"1043\" height=\"275\" src=\"https:\/\/moviola.cz\/wp-content\/uploads\/2024\/06\/NFFZ-logo-web.png\" alt=\"\" class=\"wp-image-387\" srcset=\"https:\/\/moviola.cz\/wp-content\/uploads\/2024\/06\/NFFZ-logo-web.png 1043w, https:\/\/moviola.cz\/wp-content\/uploads\/2024\/06\/NFFZ-logo-web-768x202.png 768w, https:\/\/moviola.cz\/wp-content\/uploads\/2024\/06\/NFFZ-logo-web-18x5.png 18w\" sizes=\"auto, (max-width: 1043px) 100vw, 1043px\" \/><\/figure>\n<\/div>\n\n\n\n<div class=\"wp-block-column is-vertically-aligned-center is-layout-flow wp-container-core-column-is-layout-b108c007 wp-block-column-is-layout-flow\" style=\"padding-right:0;padding-left:0\"><\/div>\n\n\n\n<div class=\"wp-block-column is-vertically-aligned-center is-layout-flow wp-block-column-is-layout-flow\"><\/div>\n<\/div>\n<\/div>\n<\/div>\n\n\n\n<p><\/p>","protected":false},"excerpt":{"rendered":"<p>Case No. 4 &#8211; v postprodukci &#8211; Je rok 1963 a K\u00e1jin star\u0161\u00ed bratr le\u017e\u00ed v nemocnici se z\u00e1n\u011btem mozkov\u00fdch blan. Bezmocn\u00e9 K\u00e1je p\u0159i nekone\u010dn\u00e9m \u010dek\u00e1n\u00ed na jeho uzdraven\u00ed za\u010d\u00ednaj\u00ed doch\u00e1zet hr\u016fzostra\u0161n\u00e9 souvislosti, kter\u00e9 dosp\u011bl\u00fdm zat\u00edm unikaj\u00ed. Re\u017eie: Krist\u00fdna Jandov\u00e1 Z\u00e1kladn\u00ed informace<\/p>","protected":false},"author":1,"featured_media":0,"parent":46,"menu_order":0,"comment_status":"closed","ping_status":"closed","template":"","meta":{"footnotes":""},"class_list":["post-737","page","type-page","status-publish","hentry"],"featured_image_src":null,"yoast_head":"<!-- This site is optimized with the Yoast SEO plugin v27.3 - https:\/\/yoast.com\/product\/yoast-seo-wordpress\/ -->\n<title>P\u0159\u00edpad \u010d. 4 &#8212; Moviola<\/title>\n<meta name=\"description\" content=\"Kr\u00e1tk\u00fd hran\u00fd film Krist\u00fdny Jandov\u00e9. Je rok 1963 a K\u00e1jin star\u0161\u00ed bratr le\u017e\u00ed v nemocnici se z\u00e1n\u011btem mozkov\u00fdch blan. Bezmocn\u00e9 K\u00e1je p\u0159i nekone\u010dn\u00e9m \u010dek\u00e1n\u00ed na jeho uzdraven\u00ed za\u010d\u00ednaj\u00ed doch\u00e1zet hr\u016fzostra\u0161n\u00e9 souvislosti, kter\u00e9 dosp\u011bl\u00fdm zat\u00edm unikaj\u00ed.\" \/>\n<meta name=\"robots\" content=\"index, follow, max-snippet:-1, max-image-preview:large, max-video-preview:-1\" \/>\n<link rel=\"canonical\" href=\"https:\/\/moviola.cz\/en\/projects\/case-no-4\/\" \/>\n<meta property=\"og:locale\" content=\"en_GB\" \/>\n<meta property=\"og:type\" content=\"article\" \/>\n<meta property=\"og:title\" content=\"P\u0159\u00edpad \u010d. 4 &#8212; Moviola\" \/>\n<meta property=\"og:description\" content=\"Kr\u00e1tk\u00fd hran\u00fd film Krist\u00fdny Jandov\u00e9. Je rok 1963 a K\u00e1jin star\u0161\u00ed bratr le\u017e\u00ed v nemocnici se z\u00e1n\u011btem mozkov\u00fdch blan. Bezmocn\u00e9 K\u00e1je p\u0159i nekone\u010dn\u00e9m \u010dek\u00e1n\u00ed na jeho uzdraven\u00ed za\u010d\u00ednaj\u00ed doch\u00e1zet hr\u016fzostra\u0161n\u00e9 souvislosti, kter\u00e9 dosp\u011bl\u00fdm zat\u00edm unikaj\u00ed.\" \/>\n<meta property=\"og:url\" content=\"https:\/\/moviola.cz\/en\/projects\/case-no-4\/\" \/>\n<meta property=\"og:site_name\" content=\"Moviola\" \/>\n<meta property=\"article:publisher\" content=\"https:\/\/www.facebook.com\/moviola.cz\" \/>\n<meta property=\"article:modified_time\" content=\"2026-04-14T14:27:47+00:00\" \/>\n<meta property=\"og:image\" content=\"https:\/\/moviola.cz\/wp-content\/uploads\/2025\/03\/case-no-4-general-image.jpg\" \/>\n\t<meta property=\"og:image:width\" content=\"1920\" \/>\n\t<meta property=\"og:image:height\" content=\"1080\" \/>\n\t<meta property=\"og:image:type\" content=\"image\/jpeg\" \/>\n<meta name=\"twitter:card\" content=\"summary_large_image\" \/>\n<meta name=\"twitter:label1\" content=\"Estimated reading time\" \/>\n\t<meta name=\"twitter:data1\" content=\"1 minute\" \/>\n<script type=\"application\/ld+json\" class=\"yoast-schema-graph\">{\"@context\":\"https:\\\/\\\/schema.org\",\"@graph\":[{\"@type\":\"WebPage\",\"@id\":\"https:\\\/\\\/moviola.cz\\\/projects\\\/case-no-4\\\/\",\"url\":\"https:\\\/\\\/moviola.cz\\\/projects\\\/case-no-4\\\/\",\"name\":\"P\u0159\u00edpad \u010d. 4 &#8212; Moviola\",\"isPartOf\":{\"@id\":\"https:\\\/\\\/moviola.cz\\\/#website\"},\"primaryImageOfPage\":{\"@id\":\"https:\\\/\\\/moviola.cz\\\/projects\\\/case-no-4\\\/#primaryimage\"},\"image\":{\"@id\":\"https:\\\/\\\/moviola.cz\\\/projects\\\/case-no-4\\\/#primaryimage\"},\"thumbnailUrl\":\"https:\\\/\\\/moviola.cz\\\/wp-content\\\/uploads\\\/2025\\\/03\\\/case-no-4-general-image.jpg\",\"datePublished\":\"2025-03-03T17:21:13+00:00\",\"dateModified\":\"2026-04-14T14:27:47+00:00\",\"description\":\"Kr\u00e1tk\u00fd hran\u00fd film Krist\u00fdny Jandov\u00e9. Je rok 1963 a K\u00e1jin star\u0161\u00ed bratr le\u017e\u00ed v nemocnici se z\u00e1n\u011btem mozkov\u00fdch blan. Bezmocn\u00e9 K\u00e1je p\u0159i nekone\u010dn\u00e9m \u010dek\u00e1n\u00ed na jeho uzdraven\u00ed za\u010d\u00ednaj\u00ed doch\u00e1zet hr\u016fzostra\u0161n\u00e9 souvislosti, kter\u00e9 dosp\u011bl\u00fdm zat\u00edm unikaj\u00ed.\",\"breadcrumb\":{\"@id\":\"https:\\\/\\\/moviola.cz\\\/projects\\\/case-no-4\\\/#breadcrumb\"},\"inLanguage\":\"en-GB\",\"potentialAction\":[{\"@type\":\"ReadAction\",\"target\":[\"https:\\\/\\\/moviola.cz\\\/projects\\\/case-no-4\\\/\"]}]},{\"@type\":\"ImageObject\",\"inLanguage\":\"en-GB\",\"@id\":\"https:\\\/\\\/moviola.cz\\\/projects\\\/case-no-4\\\/#primaryimage\",\"url\":\"https:\\\/\\\/moviola.cz\\\/wp-content\\\/uploads\\\/2025\\\/03\\\/case-no-4-general-image.jpg\",\"contentUrl\":\"https:\\\/\\\/moviola.cz\\\/wp-content\\\/uploads\\\/2025\\\/03\\\/case-no-4-general-image.jpg\"},{\"@type\":\"BreadcrumbList\",\"@id\":\"https:\\\/\\\/moviola.cz\\\/projects\\\/case-no-4\\\/#breadcrumb\",\"itemListElement\":[{\"@type\":\"ListItem\",\"position\":1,\"name\":\"Dom\u016f\",\"item\":\"https:\\\/\\\/moviola.cz\\\/\"},{\"@type\":\"ListItem\",\"position\":2,\"name\":\"Projekty\",\"item\":\"https:\\\/\\\/moviola.cz\\\/projects\\\/\"},{\"@type\":\"ListItem\",\"position\":3,\"name\":\"P\u0159\u00edpad \u010d. 4\"}]},{\"@type\":\"WebSite\",\"@id\":\"https:\\\/\\\/moviola.cz\\\/#website\",\"url\":\"https:\\\/\\\/moviola.cz\\\/\",\"name\":\"Moviola\",\"description\":\"Nez\u00e1visl\u00e1 filmov\u00e1 produkce p\u016fsob\u00edc\u00ed v Praze\",\"publisher\":{\"@id\":\"https:\\\/\\\/moviola.cz\\\/#organization\"},\"potentialAction\":[{\"@type\":\"SearchAction\",\"target\":{\"@type\":\"EntryPoint\",\"urlTemplate\":\"https:\\\/\\\/moviola.cz\\\/?s={search_term_string}\"},\"query-input\":{\"@type\":\"PropertyValueSpecification\",\"valueRequired\":true,\"valueName\":\"search_term_string\"}}],\"inLanguage\":\"en-GB\"},{\"@type\":\"Organization\",\"@id\":\"https:\\\/\\\/moviola.cz\\\/#organization\",\"name\":\"Moviola\",\"url\":\"https:\\\/\\\/moviola.cz\\\/\",\"logo\":{\"@type\":\"ImageObject\",\"inLanguage\":\"en-GB\",\"@id\":\"https:\\\/\\\/moviola.cz\\\/#\\\/schema\\\/logo\\\/image\\\/\",\"url\":\"https:\\\/\\\/moviola.cz\\\/wp-content\\\/uploads\\\/2024\\\/11\\\/moviola-logo-new-white-1000px.png\",\"contentUrl\":\"https:\\\/\\\/moviola.cz\\\/wp-content\\\/uploads\\\/2024\\\/11\\\/moviola-logo-new-white-1000px.png\",\"width\":1000,\"height\":368,\"caption\":\"Moviola\"},\"image\":{\"@id\":\"https:\\\/\\\/moviola.cz\\\/#\\\/schema\\\/logo\\\/image\\\/\"},\"sameAs\":[\"https:\\\/\\\/www.facebook.com\\\/moviola.cz\",\"https:\\\/\\\/www.instagram.com\\\/moviola.cz\"]}]}<\/script>\n<!-- \/ Yoast SEO plugin. -->","yoast_head_json":{"title":"P\u0159\u00edpad \u010d. 4 &#8212; Moviola","description":"Kr\u00e1tk\u00fd hran\u00fd film Krist\u00fdny Jandov\u00e9. Je rok 1963 a K\u00e1jin star\u0161\u00ed bratr le\u017e\u00ed v nemocnici se z\u00e1n\u011btem mozkov\u00fdch blan. Bezmocn\u00e9 K\u00e1je p\u0159i nekone\u010dn\u00e9m \u010dek\u00e1n\u00ed na jeho uzdraven\u00ed za\u010d\u00ednaj\u00ed doch\u00e1zet hr\u016fzostra\u0161n\u00e9 souvislosti, kter\u00e9 dosp\u011bl\u00fdm zat\u00edm unikaj\u00ed.","robots":{"index":"index","follow":"follow","max-snippet":"max-snippet:-1","max-image-preview":"max-image-preview:large","max-video-preview":"max-video-preview:-1"},"canonical":"https:\/\/moviola.cz\/en\/projects\/case-no-4\/","og_locale":"en_GB","og_type":"article","og_title":"P\u0159\u00edpad \u010d. 4 &#8212; Moviola","og_description":"Kr\u00e1tk\u00fd hran\u00fd film Krist\u00fdny Jandov\u00e9. Je rok 1963 a K\u00e1jin star\u0161\u00ed bratr le\u017e\u00ed v nemocnici se z\u00e1n\u011btem mozkov\u00fdch blan. Bezmocn\u00e9 K\u00e1je p\u0159i nekone\u010dn\u00e9m \u010dek\u00e1n\u00ed na jeho uzdraven\u00ed za\u010d\u00ednaj\u00ed doch\u00e1zet hr\u016fzostra\u0161n\u00e9 souvislosti, kter\u00e9 dosp\u011bl\u00fdm zat\u00edm unikaj\u00ed.","og_url":"https:\/\/moviola.cz\/en\/projects\/case-no-4\/","og_site_name":"Moviola","article_publisher":"https:\/\/www.facebook.com\/moviola.cz","article_modified_time":"2026-04-14T14:27:47+00:00","og_image":[{"width":1920,"height":1080,"url":"https:\/\/moviola.cz\/wp-content\/uploads\/2025\/03\/case-no-4-general-image.jpg","type":"image\/jpeg"}],"twitter_card":"summary_large_image","twitter_misc":{"Estimated reading time":"1 minute"},"schema":{"@context":"https:\/\/schema.org","@graph":[{"@type":"WebPage","@id":"https:\/\/moviola.cz\/projects\/case-no-4\/","url":"https:\/\/moviola.cz\/projects\/case-no-4\/","name":"P\u0159\u00edpad \u010d. 4 &#8212; Moviola","isPartOf":{"@id":"https:\/\/moviola.cz\/#website"},"primaryImageOfPage":{"@id":"https:\/\/moviola.cz\/projects\/case-no-4\/#primaryimage"},"image":{"@id":"https:\/\/moviola.cz\/projects\/case-no-4\/#primaryimage"},"thumbnailUrl":"https:\/\/moviola.cz\/wp-content\/uploads\/2025\/03\/case-no-4-general-image.jpg","datePublished":"2025-03-03T17:21:13+00:00","dateModified":"2026-04-14T14:27:47+00:00","description":"Kr\u00e1tk\u00fd hran\u00fd film Krist\u00fdny Jandov\u00e9. Je rok 1963 a K\u00e1jin star\u0161\u00ed bratr le\u017e\u00ed v nemocnici se z\u00e1n\u011btem mozkov\u00fdch blan. Bezmocn\u00e9 K\u00e1je p\u0159i nekone\u010dn\u00e9m \u010dek\u00e1n\u00ed na jeho uzdraven\u00ed za\u010d\u00ednaj\u00ed doch\u00e1zet hr\u016fzostra\u0161n\u00e9 souvislosti, kter\u00e9 dosp\u011bl\u00fdm zat\u00edm unikaj\u00ed.","breadcrumb":{"@id":"https:\/\/moviola.cz\/projects\/case-no-4\/#breadcrumb"},"inLanguage":"en-GB","potentialAction":[{"@type":"ReadAction","target":["https:\/\/moviola.cz\/projects\/case-no-4\/"]}]},{"@type":"ImageObject","inLanguage":"en-GB","@id":"https:\/\/moviola.cz\/projects\/case-no-4\/#primaryimage","url":"https:\/\/moviola.cz\/wp-content\/uploads\/2025\/03\/case-no-4-general-image.jpg","contentUrl":"https:\/\/moviola.cz\/wp-content\/uploads\/2025\/03\/case-no-4-general-image.jpg"},{"@type":"BreadcrumbList","@id":"https:\/\/moviola.cz\/projects\/case-no-4\/#breadcrumb","itemListElement":[{"@type":"ListItem","position":1,"name":"Dom\u016f","item":"https:\/\/moviola.cz\/"},{"@type":"ListItem","position":2,"name":"Projekty","item":"https:\/\/moviola.cz\/projects\/"},{"@type":"ListItem","position":3,"name":"P\u0159\u00edpad \u010d. 4"}]},{"@type":"WebSite","@id":"https:\/\/moviola.cz\/#website","url":"https:\/\/moviola.cz\/","name":"Moviola","description":"Nez\u00e1visl\u00e1 filmov\u00e1 produkce p\u016fsob\u00edc\u00ed v Praze","publisher":{"@id":"https:\/\/moviola.cz\/#organization"},"potentialAction":[{"@type":"SearchAction","target":{"@type":"EntryPoint","urlTemplate":"https:\/\/moviola.cz\/?s={search_term_string}"},"query-input":{"@type":"PropertyValueSpecification","valueRequired":true,"valueName":"search_term_string"}}],"inLanguage":"en-GB"},{"@type":"Organization","@id":"https:\/\/moviola.cz\/#organization","name":"Moviola","url":"https:\/\/moviola.cz\/","logo":{"@type":"ImageObject","inLanguage":"en-GB","@id":"https:\/\/moviola.cz\/#\/schema\/logo\/image\/","url":"https:\/\/moviola.cz\/wp-content\/uploads\/2024\/11\/moviola-logo-new-white-1000px.png","contentUrl":"https:\/\/moviola.cz\/wp-content\/uploads\/2024\/11\/moviola-logo-new-white-1000px.png","width":1000,"height":368,"caption":"Moviola"},"image":{"@id":"https:\/\/moviola.cz\/#\/schema\/logo\/image\/"},"sameAs":["https:\/\/www.facebook.com\/moviola.cz","https:\/\/www.instagram.com\/moviola.cz"]}]}},"_links":{"self":[{"href":"https:\/\/moviola.cz\/en\/wp-json\/wp\/v2\/pages\/737","targetHints":{"allow":["GET"]}}],"collection":[{"href":"https:\/\/moviola.cz\/en\/wp-json\/wp\/v2\/pages"}],"about":[{"href":"https:\/\/moviola.cz\/en\/wp-json\/wp\/v2\/types\/page"}],"author":[{"embeddable":true,"href":"https:\/\/moviola.cz\/en\/wp-json\/wp\/v2\/users\/1"}],"replies":[{"embeddable":true,"href":"https:\/\/moviola.cz\/en\/wp-json\/wp\/v2\/comments?post=737"}],"version-history":[{"count":10,"href":"https:\/\/moviola.cz\/en\/wp-json\/wp\/v2\/pages\/737\/revisions"}],"predecessor-version":[{"id":958,"href":"https:\/\/moviola.cz\/en\/wp-json\/wp\/v2\/pages\/737\/revisions\/958"}],"up":[{"embeddable":true,"href":"https:\/\/moviola.cz\/en\/wp-json\/wp\/v2\/pages\/46"}],"wp:attachment":[{"href":"https:\/\/moviola.cz\/en\/wp-json\/wp\/v2\/media?parent=737"}],"curies":[{"name":"wp","href":"https:\/\/api.w.org\/{rel}","templated":true}]}}