{"id":46,"date":"2024-04-05T16:34:24","date_gmt":"2024-04-05T14:34:24","guid":{"rendered":"https:\/\/moviola.cz\/?page_id=46"},"modified":"2026-04-03T19:00:00","modified_gmt":"2026-04-03T17:00:00","slug":"projects","status":"publish","type":"page","link":"https:\/\/moviola.cz\/en\/projects\/","title":{"rendered":"Projects"},"content":{"rendered":"<h1 class=\"wp-block-post-title\">Projects<\/h1>\n\n\n<div style=\"height:25px\" aria-hidden=\"true\" class=\"wp-block-spacer\"><\/div>\n\n\n\n<div class=\"wp-block-group has-global-padding is-layout-constrained wp-container-core-group-is-layout-e6f1036d wp-block-group-is-layout-constrained\" style=\"margin-top:0;margin-bottom:0;padding-top:0;padding-right:0;padding-bottom:0;padding-left:0\">\n<div class=\"wp-block-columns is-layout-flex wp-container-core-columns-is-layout-9fa5bd33 wp-block-columns-is-layout-flex\" style=\"padding-right:0;padding-left:0\">\n<div class=\"wp-block-column is-layout-flow wp-block-column-is-layout-flow\" style=\"padding-right:0;padding-left:0\">\n<div class=\"wp-block-group has-global-padding is-layout-constrained wp-container-core-group-is-layout-c9115f92 wp-block-group-is-layout-constrained\" style=\"padding-right:var(--wp--preset--spacing--20);padding-left:var(--wp--preset--spacing--20)\"><a href=\"https:\/\/moviola.cz\/en\/projects\/first-do-no-harm\/\"    style=\"padding-right:0;padding-left:0;\" class=\"wp-block-tiptip-hyperlink-group-block\" >\n<figure class=\"wp-block-image size-full has-custom-border is-style-default, disable-lightbox-manual\"><img loading=\"lazy\" decoding=\"async\" width=\"3176\" height=\"2118\" src=\"https:\/\/moviola.cz\/wp-content\/uploads\/2025\/09\/Primum_non_nocere_Weronika_Barold_foto_Nikita-Kartashev_2.jpg\" alt=\"\" class=\"wp-image-799\" style=\"border-style:none;border-width:0px;border-radius:40px;aspect-ratio:16\/9;object-fit:cover\" srcset=\"https:\/\/moviola.cz\/wp-content\/uploads\/2025\/09\/Primum_non_nocere_Weronika_Barold_foto_Nikita-Kartashev_2.jpg 3176w, https:\/\/moviola.cz\/wp-content\/uploads\/2025\/09\/Primum_non_nocere_Weronika_Barold_foto_Nikita-Kartashev_2-768x512.jpg 768w, https:\/\/moviola.cz\/wp-content\/uploads\/2025\/09\/Primum_non_nocere_Weronika_Barold_foto_Nikita-Kartashev_2-1536x1024.jpg 1536w, https:\/\/moviola.cz\/wp-content\/uploads\/2025\/09\/Primum_non_nocere_Weronika_Barold_foto_Nikita-Kartashev_2-2048x1366.jpg 2048w, https:\/\/moviola.cz\/wp-content\/uploads\/2025\/09\/Primum_non_nocere_Weronika_Barold_foto_Nikita-Kartashev_2-18x12.jpg 18w\" sizes=\"auto, (max-width: 3176px) 100vw, 3176px\" \/><\/figure>\n\n<h3 class=\"wp-block-heading\" style=\"margin-top:0;margin-bottom:0;padding-top:0;padding-bottom:0\">First, Do No Harm<\/h3>\n\n<p style=\"padding-top:0;padding-right:0;padding-bottom:0;padding-left:0\">in postproduction<\/p>\n<\/a><\/div>\n<\/div>\n\n\n\n<div class=\"wp-block-column is-layout-flow wp-block-column-is-layout-flow\">\n<div class=\"wp-block-group has-global-padding is-layout-constrained wp-container-core-group-is-layout-c9115f92 wp-block-group-is-layout-constrained\" style=\"padding-right:var(--wp--preset--spacing--20);padding-left:var(--wp--preset--spacing--20)\"><a href=\"https:\/\/moviola.cz\/en\/projects\/case-no-4\/\"    style=\"padding-right:0;padding-left:0;\" class=\"wp-block-tiptip-hyperlink-group-block\" >\n<figure class=\"wp-block-image size-full has-custom-border is-style-default, disable-lightbox-manual\"><img loading=\"lazy\" decoding=\"async\" width=\"1920\" height=\"1080\" src=\"https:\/\/moviola.cz\/wp-content\/uploads\/2025\/03\/case-no-4-general-image.jpg\" alt=\"\" class=\"wp-image-739\" style=\"border-style:none;border-width:0px;border-radius:40px;aspect-ratio:16\/9;object-fit:cover\" srcset=\"https:\/\/moviola.cz\/wp-content\/uploads\/2025\/03\/case-no-4-general-image.jpg 1920w, https:\/\/moviola.cz\/wp-content\/uploads\/2025\/03\/case-no-4-general-image-768x432.jpg 768w, https:\/\/moviola.cz\/wp-content\/uploads\/2025\/03\/case-no-4-general-image-1536x864.jpg 1536w, https:\/\/moviola.cz\/wp-content\/uploads\/2025\/03\/case-no-4-general-image-18x10.jpg 18w\" sizes=\"auto, (max-width: 1920px) 100vw, 1920px\" \/><\/figure>\n\n<h3 class=\"wp-block-heading\" style=\"margin-top:0;margin-bottom:0;padding-top:0;padding-bottom:0\">Case No. 4<\/h3>\n\n<p>in postproduction<\/p>\n<\/a><\/div>\n<\/div>\n<\/div>\n\n\n\n<div class=\"wp-block-columns is-layout-flex wp-container-core-columns-is-layout-9fa5bd33 wp-block-columns-is-layout-flex\" style=\"padding-right:0;padding-left:0\">\n<div class=\"wp-block-column is-layout-flow wp-block-column-is-layout-flow\">\n<div class=\"wp-block-group has-global-padding is-layout-constrained wp-container-core-group-is-layout-c9115f92 wp-block-group-is-layout-constrained\" style=\"padding-right:var(--wp--preset--spacing--20);padding-left:var(--wp--preset--spacing--20)\"><a href=\"https:\/\/moviola.cz\/en\/projects\/the-land-of-backward-flying-birds\/\"    style=\"padding-right:0;padding-left:0;\" class=\"wp-block-tiptip-hyperlink-group-block\" >\n<figure class=\"wp-block-image size-full has-custom-border is-style-default, disable-lightbox-manual\"><img loading=\"lazy\" decoding=\"async\" width=\"1920\" height=\"1080\" src=\"https:\/\/moviola.cz\/wp-content\/uploads\/2025\/09\/the-land-of-backward-flying-birds-general-image.jpg\" alt=\"\" class=\"wp-image-849\" style=\"border-style:none;border-width:0px;border-radius:40px;aspect-ratio:16\/9;object-fit:cover\" srcset=\"https:\/\/moviola.cz\/wp-content\/uploads\/2025\/09\/the-land-of-backward-flying-birds-general-image.jpg 1920w, https:\/\/moviola.cz\/wp-content\/uploads\/2025\/09\/the-land-of-backward-flying-birds-general-image-768x432.jpg 768w, https:\/\/moviola.cz\/wp-content\/uploads\/2025\/09\/the-land-of-backward-flying-birds-general-image-1536x864.jpg 1536w, https:\/\/moviola.cz\/wp-content\/uploads\/2025\/09\/the-land-of-backward-flying-birds-general-image-18x10.jpg 18w\" sizes=\"auto, (max-width: 1920px) 100vw, 1920px\" \/><\/figure>\n\n<h3 class=\"wp-block-heading\" style=\"margin-top:0;margin-bottom:0;padding-top:0;padding-bottom:0\">The Land of Backward Flying Birds<\/h3>\n\n<p>in development<\/p>\n<\/a><\/div>\n<\/div>\n\n\n\n<div class=\"wp-block-column is-layout-flow wp-block-column-is-layout-flow\">\n<div class=\"wp-block-group has-global-padding is-layout-constrained wp-container-core-group-is-layout-c9115f92 wp-block-group-is-layout-constrained\" style=\"padding-right:var(--wp--preset--spacing--20);padding-left:var(--wp--preset--spacing--20)\"><a href=\"https:\/\/moviola.cz\/en\/projects\/a-storm-lies-ahead\/\"    style=\"padding-right:0;padding-left:0;\" class=\"wp-block-tiptip-hyperlink-group-block\" >\n<figure class=\"wp-block-image size-full has-custom-border is-style-default, disable-lightbox-manual\"><img loading=\"lazy\" decoding=\"async\" width=\"3979\" height=\"2238\" src=\"https:\/\/moviola.cz\/wp-content\/uploads\/2025\/07\/A-Storm-Lies-Ahead-general-picture-2.jpg\" alt=\"\" class=\"wp-image-775\" style=\"border-style:none;border-width:0px;border-radius:40px;aspect-ratio:16\/9;object-fit:cover\" srcset=\"https:\/\/moviola.cz\/wp-content\/uploads\/2025\/07\/A-Storm-Lies-Ahead-general-picture-2.jpg 3979w, https:\/\/moviola.cz\/wp-content\/uploads\/2025\/07\/A-Storm-Lies-Ahead-general-picture-2-768x432.jpg 768w, https:\/\/moviola.cz\/wp-content\/uploads\/2025\/07\/A-Storm-Lies-Ahead-general-picture-2-1536x864.jpg 1536w, https:\/\/moviola.cz\/wp-content\/uploads\/2025\/07\/A-Storm-Lies-Ahead-general-picture-2-2048x1152.jpg 2048w, https:\/\/moviola.cz\/wp-content\/uploads\/2025\/07\/A-Storm-Lies-Ahead-general-picture-2-18x10.jpg 18w\" sizes=\"auto, (max-width: 3979px) 100vw, 3979px\" \/><\/figure>\n\n<h3 class=\"wp-block-heading\" style=\"margin-top:0;margin-bottom:0;padding-top:0;padding-bottom:0\">A Storm Lies Ahead<\/h3>\n\n<p>in development<\/p>\n<\/a><\/div>\n<\/div>\n<\/div>\n<\/div>\n\n\n\n<div style=\"height:25px\" aria-hidden=\"true\" class=\"wp-block-spacer\"><\/div>","protected":false},"excerpt":{"rendered":"","protected":false},"author":1,"featured_media":0,"parent":0,"menu_order":0,"comment_status":"closed","ping_status":"closed","template":"","meta":{"footnotes":""},"class_list":["post-46","page","type-page","status-publish","hentry"],"featured_image_src":null,"yoast_head":"<!-- This site is optimized with the Yoast SEO plugin v27.3 - https:\/\/yoast.com\/product\/yoast-seo-wordpress\/ -->\n<title>Projekty &#8212; Moviola<\/title>\n<meta name=\"description\" content=\"Filmy, za kter\u00fdmi stoj\u00ed produkce Moviola. Sn\u00edmek Primum non nocere a dal\u0161\u00ed.\" \/>\n<meta name=\"robots\" content=\"index, follow, max-snippet:-1, max-image-preview:large, max-video-preview:-1\" \/>\n<link rel=\"canonical\" href=\"https:\/\/moviola.cz\/en\/projects\/\" \/>\n<meta property=\"og:locale\" content=\"en_GB\" \/>\n<meta property=\"og:type\" content=\"article\" \/>\n<meta property=\"og:title\" content=\"Projekty &#8212; Moviola\" \/>\n<meta property=\"og:description\" content=\"Filmy, za kter\u00fdmi stoj\u00ed produkce Moviola. Sn\u00edmek Primum non nocere a dal\u0161\u00ed.\" \/>\n<meta property=\"og:url\" content=\"https:\/\/moviola.cz\/en\/projects\/\" \/>\n<meta property=\"og:site_name\" content=\"Moviola\" \/>\n<meta property=\"article:publisher\" content=\"https:\/\/www.facebook.com\/moviola.cz\" \/>\n<meta property=\"article:modified_time\" content=\"2026-04-03T17:00:00+00:00\" \/>\n<meta name=\"twitter:card\" content=\"summary_large_image\" \/>\n<meta name=\"twitter:label1\" content=\"Estimated reading time\" \/>\n\t<meta name=\"twitter:data1\" content=\"1 minute\" \/>\n<script type=\"application\/ld+json\" class=\"yoast-schema-graph\">{\"@context\":\"https:\\\/\\\/schema.org\",\"@graph\":[{\"@type\":\"WebPage\",\"@id\":\"https:\\\/\\\/moviola.cz\\\/projects\\\/\",\"url\":\"https:\\\/\\\/moviola.cz\\\/projects\\\/\",\"name\":\"Projekty &#8212; Moviola\",\"isPartOf\":{\"@id\":\"https:\\\/\\\/moviola.cz\\\/#website\"},\"datePublished\":\"2024-04-05T14:34:24+00:00\",\"dateModified\":\"2026-04-03T17:00:00+00:00\",\"description\":\"Filmy, za kter\u00fdmi stoj\u00ed produkce Moviola. Sn\u00edmek Primum non nocere a dal\u0161\u00ed.\",\"breadcrumb\":{\"@id\":\"https:\\\/\\\/moviola.cz\\\/projects\\\/#breadcrumb\"},\"inLanguage\":\"en-GB\",\"potentialAction\":[{\"@type\":\"ReadAction\",\"target\":[\"https:\\\/\\\/moviola.cz\\\/projects\\\/\"]}]},{\"@type\":\"BreadcrumbList\",\"@id\":\"https:\\\/\\\/moviola.cz\\\/projects\\\/#breadcrumb\",\"itemListElement\":[{\"@type\":\"ListItem\",\"position\":1,\"name\":\"Dom\u016f\",\"item\":\"https:\\\/\\\/moviola.cz\\\/\"},{\"@type\":\"ListItem\",\"position\":2,\"name\":\"Projekty\"}]},{\"@type\":\"WebSite\",\"@id\":\"https:\\\/\\\/moviola.cz\\\/#website\",\"url\":\"https:\\\/\\\/moviola.cz\\\/\",\"name\":\"Moviola\",\"description\":\"Nez\u00e1visl\u00e1 filmov\u00e1 produkce p\u016fsob\u00edc\u00ed v Praze\",\"publisher\":{\"@id\":\"https:\\\/\\\/moviola.cz\\\/#organization\"},\"potentialAction\":[{\"@type\":\"SearchAction\",\"target\":{\"@type\":\"EntryPoint\",\"urlTemplate\":\"https:\\\/\\\/moviola.cz\\\/?s={search_term_string}\"},\"query-input\":{\"@type\":\"PropertyValueSpecification\",\"valueRequired\":true,\"valueName\":\"search_term_string\"}}],\"inLanguage\":\"en-GB\"},{\"@type\":\"Organization\",\"@id\":\"https:\\\/\\\/moviola.cz\\\/#organization\",\"name\":\"Moviola\",\"url\":\"https:\\\/\\\/moviola.cz\\\/\",\"logo\":{\"@type\":\"ImageObject\",\"inLanguage\":\"en-GB\",\"@id\":\"https:\\\/\\\/moviola.cz\\\/#\\\/schema\\\/logo\\\/image\\\/\",\"url\":\"https:\\\/\\\/moviola.cz\\\/wp-content\\\/uploads\\\/2024\\\/11\\\/moviola-logo-new-white-1000px.png\",\"contentUrl\":\"https:\\\/\\\/moviola.cz\\\/wp-content\\\/uploads\\\/2024\\\/11\\\/moviola-logo-new-white-1000px.png\",\"width\":1000,\"height\":368,\"caption\":\"Moviola\"},\"image\":{\"@id\":\"https:\\\/\\\/moviola.cz\\\/#\\\/schema\\\/logo\\\/image\\\/\"},\"sameAs\":[\"https:\\\/\\\/www.facebook.com\\\/moviola.cz\",\"https:\\\/\\\/www.instagram.com\\\/moviola.cz\"]}]}<\/script>\n<!-- \/ Yoast SEO plugin. -->","yoast_head_json":{"title":"Projekty &#8212; Moviola","description":"Filmy, za kter\u00fdmi stoj\u00ed produkce Moviola. Sn\u00edmek Primum non nocere a dal\u0161\u00ed.","robots":{"index":"index","follow":"follow","max-snippet":"max-snippet:-1","max-image-preview":"max-image-preview:large","max-video-preview":"max-video-preview:-1"},"canonical":"https:\/\/moviola.cz\/en\/projects\/","og_locale":"en_GB","og_type":"article","og_title":"Projekty &#8212; Moviola","og_description":"Filmy, za kter\u00fdmi stoj\u00ed produkce Moviola. Sn\u00edmek Primum non nocere a dal\u0161\u00ed.","og_url":"https:\/\/moviola.cz\/en\/projects\/","og_site_name":"Moviola","article_publisher":"https:\/\/www.facebook.com\/moviola.cz","article_modified_time":"2026-04-03T17:00:00+00:00","twitter_card":"summary_large_image","twitter_misc":{"Estimated reading time":"1 minute"},"schema":{"@context":"https:\/\/schema.org","@graph":[{"@type":"WebPage","@id":"https:\/\/moviola.cz\/projects\/","url":"https:\/\/moviola.cz\/projects\/","name":"Projekty &#8212; Moviola","isPartOf":{"@id":"https:\/\/moviola.cz\/#website"},"datePublished":"2024-04-05T14:34:24+00:00","dateModified":"2026-04-03T17:00:00+00:00","description":"Filmy, za kter\u00fdmi stoj\u00ed produkce Moviola. Sn\u00edmek Primum non nocere a dal\u0161\u00ed.","breadcrumb":{"@id":"https:\/\/moviola.cz\/projects\/#breadcrumb"},"inLanguage":"en-GB","potentialAction":[{"@type":"ReadAction","target":["https:\/\/moviola.cz\/projects\/"]}]},{"@type":"BreadcrumbList","@id":"https:\/\/moviola.cz\/projects\/#breadcrumb","itemListElement":[{"@type":"ListItem","position":1,"name":"Dom\u016f","item":"https:\/\/moviola.cz\/"},{"@type":"ListItem","position":2,"name":"Projekty"}]},{"@type":"WebSite","@id":"https:\/\/moviola.cz\/#website","url":"https:\/\/moviola.cz\/","name":"Moviola","description":"Nez\u00e1visl\u00e1 filmov\u00e1 produkce p\u016fsob\u00edc\u00ed v Praze","publisher":{"@id":"https:\/\/moviola.cz\/#organization"},"potentialAction":[{"@type":"SearchAction","target":{"@type":"EntryPoint","urlTemplate":"https:\/\/moviola.cz\/?s={search_term_string}"},"query-input":{"@type":"PropertyValueSpecification","valueRequired":true,"valueName":"search_term_string"}}],"inLanguage":"en-GB"},{"@type":"Organization","@id":"https:\/\/moviola.cz\/#organization","name":"Moviola","url":"https:\/\/moviola.cz\/","logo":{"@type":"ImageObject","inLanguage":"en-GB","@id":"https:\/\/moviola.cz\/#\/schema\/logo\/image\/","url":"https:\/\/moviola.cz\/wp-content\/uploads\/2024\/11\/moviola-logo-new-white-1000px.png","contentUrl":"https:\/\/moviola.cz\/wp-content\/uploads\/2024\/11\/moviola-logo-new-white-1000px.png","width":1000,"height":368,"caption":"Moviola"},"image":{"@id":"https:\/\/moviola.cz\/#\/schema\/logo\/image\/"},"sameAs":["https:\/\/www.facebook.com\/moviola.cz","https:\/\/www.instagram.com\/moviola.cz"]}]}},"_links":{"self":[{"href":"https:\/\/moviola.cz\/en\/wp-json\/wp\/v2\/pages\/46","targetHints":{"allow":["GET"]}}],"collection":[{"href":"https:\/\/moviola.cz\/en\/wp-json\/wp\/v2\/pages"}],"about":[{"href":"https:\/\/moviola.cz\/en\/wp-json\/wp\/v2\/types\/page"}],"author":[{"embeddable":true,"href":"https:\/\/moviola.cz\/en\/wp-json\/wp\/v2\/users\/1"}],"replies":[{"embeddable":true,"href":"https:\/\/moviola.cz\/en\/wp-json\/wp\/v2\/comments?post=46"}],"version-history":[{"count":36,"href":"https:\/\/moviola.cz\/en\/wp-json\/wp\/v2\/pages\/46\/revisions"}],"predecessor-version":[{"id":943,"href":"https:\/\/moviola.cz\/en\/wp-json\/wp\/v2\/pages\/46\/revisions\/943"}],"wp:attachment":[{"href":"https:\/\/moviola.cz\/en\/wp-json\/wp\/v2\/media?parent=46"}],"curies":[{"name":"wp","href":"https:\/\/api.w.org\/{rel}","templated":true}]}}