{"id":39,"date":"2024-04-05T13:43:47","date_gmt":"2024-04-05T11:43:47","guid":{"rendered":"https:\/\/moviola.cz\/?page_id=39"},"modified":"2025-06-23T00:39:51","modified_gmt":"2025-06-22T22:39:51","slug":"contact","status":"publish","type":"page","link":"https:\/\/moviola.cz\/en\/contact\/","title":{"rendered":"Contact"},"content":{"rendered":"<h1 class=\"wp-block-post-title\">Kontakt<\/h1>\n\n\n<div style=\"height:25px\" aria-hidden=\"true\" class=\"wp-block-spacer\"><\/div>\n\n\n\n<div class=\"wp-block-columns is-layout-flex wp-container-core-columns-is-layout-28f84493 wp-block-columns-is-layout-flex\">\n<div class=\"wp-block-column is-layout-flow wp-block-column-is-layout-flow\">\n<h4 class=\"wp-block-heading\"><strong>Moviola s.r.o.<\/strong><\/h4>\n\n\n\n<p>Mo\u0161nerova 1203\/11, 779 00 Olomouc<br>I\u010c: 21177473<br>DI\u010c: CZ21177473<br>Datov\u00e1 schr\u00e1nka: 3k88x5n<\/p>\n\n\n\n<p>Spole\u010dnost je zaps\u00e1na v obchodn\u00edm rejst\u0159\u00edku veden\u00e9m <br>u Krajsk\u00e9ho soudu v Ostrav\u011b, spisov\u00e1 zna\u010dka C 94940.<\/p>\n\n\n\n<div style=\"height:10px\" aria-hidden=\"true\" class=\"wp-block-spacer\"><\/div>\n\n\n\n<h4 class=\"wp-block-heading\"><strong>Napi\u0161 n\u00e1m:<\/strong><\/h4>\n\n\n\n<p>office[@]moviola.cz<\/p>\n\n\n\n<div class=\"wp-block-wpzoom-blocks-social-icons is-style-without-canvas-with-label\" style=\"--wpz-social-icons-block-item-font-size:40px;--wpz-social-icons-block-item-padding-horizontal:0px;--wpz-social-icons-block-item-padding-vertical:10px;--wpz-social-icons-block-item-margin-horizontal:0px;--wpz-social-icons-block-item-margin-vertical:0px;--wpz-social-icons-block-item-border-radius:50px;--wpz-social-icons-block-label-font-size:15px;--wpz-social-icons-block-label-color:inherit;--wpz-social-icons-block-label-color-hover:#f1f1f1;--wpz-social-icons-alignment:flex-start\"><a href=\"https:\/\/www.instagram.com\/moviola.cz\" class=\"social-icon-link\" target=\"_blank\" rel=\"noopener\" title=\"Instagram\" style=\"--wpz-social-icons-block-item-color:#fff;--wpz-social-icons-block-item-color-hover:#b689fa\"><span class=\"social-icon fab fa-instagram\"><\/span><\/a><a href=\"https:\/\/www.facebook.com\/moviola.cz\" class=\"social-icon-link\" target=\"_blank\" rel=\"noopener\" title=\"Facebook square\" style=\"--wpz-social-icons-block-item-color:#fff;--wpz-social-icons-block-item-color-hover:#b689fa\"><span class=\"social-icon fab fa-facebook-square\"><\/span><\/a><\/div>\n<\/div>\n\n\n\n<div class=\"wp-block-column is-layout-flow wp-block-column-is-layout-flow\">\n<h4 class=\"wp-block-heading\"><strong>Luk\u00e1\u0161 Proch\u00e1zka<\/strong><\/h4>\n\n\n\n<p><strong>Producent<\/strong><br>+420 737 424 209<br>lukas[@]moviola.cz<\/p>\n\n\n\n<div style=\"height:10px\" aria-hidden=\"true\" class=\"wp-block-spacer\"><\/div>\n\n\n\n<h4 class=\"wp-block-heading\"><strong>Anna Hor\u00e1kov\u00e1<\/strong><\/h4>\n\n\n\n<p><strong>Producentka<\/strong><br>+420 604 534 960<br>anna[@]moviola.cz<\/p>\n<\/div>\n<\/div>\n","protected":false},"excerpt":{"rendered":"<p>Moviola s.r.o. Mo\u0161nerova 1203\/11, 779 00 OlomoucI\u010c: 21177473DI\u010c: CZ21177473Datov\u00e1 schr\u00e1nka: 3k88x5n Spole\u010dnost je zaps\u00e1na v obchodn\u00edm rejst\u0159\u00edku veden\u00e9m u Krajsk\u00e9ho soudu v Ostrav\u011b, spisov\u00e1 zna\u010dka C 94940. Napi\u0161 n\u00e1m: office[@]moviola.cz Luk\u00e1\u0161 Proch\u00e1zka Producent+420 737 424 209lukas[@]moviola.cz Anna Hor\u00e1kov\u00e1 Producentka+420 604 534 960anna[@]moviola.cz<\/p>\n","protected":false},"author":1,"featured_media":0,"parent":0,"menu_order":0,"comment_status":"closed","ping_status":"closed","template":"","meta":{"footnotes":""},"class_list":["post-39","page","type-page","status-publish","hentry"],"featured_image_src":null,"yoast_head":"<!-- This site is optimized with the Yoast SEO plugin v27.3 - https:\/\/yoast.com\/product\/yoast-seo-wordpress\/ -->\n<title>Kontakt &#8212; Moviola<\/title>\n<meta name=\"description\" content=\"Spojte se s n\u00e1mi! Jsme nez\u00e1visl\u00e1 filmov\u00e1 produkce p\u016fsob\u00edc\u00ed v Praze.\" \/>\n<meta name=\"robots\" content=\"index, follow, max-snippet:-1, max-image-preview:large, max-video-preview:-1\" \/>\n<link rel=\"canonical\" href=\"https:\/\/moviola.cz\/en\/contact\/\" \/>\n<meta property=\"og:locale\" content=\"en_GB\" \/>\n<meta property=\"og:type\" content=\"article\" \/>\n<meta property=\"og:title\" content=\"Kontakt &#8212; Moviola\" \/>\n<meta property=\"og:description\" content=\"Spojte se s n\u00e1mi! Jsme nez\u00e1visl\u00e1 filmov\u00e1 produkce p\u016fsob\u00edc\u00ed v Praze.\" \/>\n<meta property=\"og:url\" content=\"https:\/\/moviola.cz\/en\/contact\/\" \/>\n<meta property=\"og:site_name\" content=\"Moviola\" \/>\n<meta property=\"article:publisher\" content=\"https:\/\/www.facebook.com\/moviola.cz\" \/>\n<meta property=\"article:modified_time\" content=\"2025-06-22T22:39:51+00:00\" \/>\n<meta name=\"twitter:card\" content=\"summary_large_image\" \/>\n<meta name=\"twitter:label1\" content=\"Estimated reading time\" \/>\n\t<meta name=\"twitter:data1\" content=\"1 minute\" \/>\n<script type=\"application\/ld+json\" class=\"yoast-schema-graph\">{\"@context\":\"https:\\\/\\\/schema.org\",\"@graph\":[{\"@type\":\"WebPage\",\"@id\":\"https:\\\/\\\/moviola.cz\\\/contact\\\/\",\"url\":\"https:\\\/\\\/moviola.cz\\\/contact\\\/\",\"name\":\"Kontakt &#8212; Moviola\",\"isPartOf\":{\"@id\":\"https:\\\/\\\/moviola.cz\\\/#website\"},\"datePublished\":\"2024-04-05T11:43:47+00:00\",\"dateModified\":\"2025-06-22T22:39:51+00:00\",\"description\":\"Spojte se s n\u00e1mi! Jsme nez\u00e1visl\u00e1 filmov\u00e1 produkce p\u016fsob\u00edc\u00ed v Praze.\",\"breadcrumb\":{\"@id\":\"https:\\\/\\\/moviola.cz\\\/contact\\\/#breadcrumb\"},\"inLanguage\":\"en-GB\",\"potentialAction\":[{\"@type\":\"ReadAction\",\"target\":[\"https:\\\/\\\/moviola.cz\\\/contact\\\/\"]}]},{\"@type\":\"BreadcrumbList\",\"@id\":\"https:\\\/\\\/moviola.cz\\\/contact\\\/#breadcrumb\",\"itemListElement\":[{\"@type\":\"ListItem\",\"position\":1,\"name\":\"Dom\u016f\",\"item\":\"https:\\\/\\\/moviola.cz\\\/\"},{\"@type\":\"ListItem\",\"position\":2,\"name\":\"Kontakt\"}]},{\"@type\":\"WebSite\",\"@id\":\"https:\\\/\\\/moviola.cz\\\/#website\",\"url\":\"https:\\\/\\\/moviola.cz\\\/\",\"name\":\"Moviola\",\"description\":\"Nez\u00e1visl\u00e1 filmov\u00e1 produkce p\u016fsob\u00edc\u00ed v Praze\",\"publisher\":{\"@id\":\"https:\\\/\\\/moviola.cz\\\/#organization\"},\"potentialAction\":[{\"@type\":\"SearchAction\",\"target\":{\"@type\":\"EntryPoint\",\"urlTemplate\":\"https:\\\/\\\/moviola.cz\\\/?s={search_term_string}\"},\"query-input\":{\"@type\":\"PropertyValueSpecification\",\"valueRequired\":true,\"valueName\":\"search_term_string\"}}],\"inLanguage\":\"en-GB\"},{\"@type\":\"Organization\",\"@id\":\"https:\\\/\\\/moviola.cz\\\/#organization\",\"name\":\"Moviola\",\"url\":\"https:\\\/\\\/moviola.cz\\\/\",\"logo\":{\"@type\":\"ImageObject\",\"inLanguage\":\"en-GB\",\"@id\":\"https:\\\/\\\/moviola.cz\\\/#\\\/schema\\\/logo\\\/image\\\/\",\"url\":\"https:\\\/\\\/moviola.cz\\\/wp-content\\\/uploads\\\/2024\\\/11\\\/moviola-logo-new-white-1000px.png\",\"contentUrl\":\"https:\\\/\\\/moviola.cz\\\/wp-content\\\/uploads\\\/2024\\\/11\\\/moviola-logo-new-white-1000px.png\",\"width\":1000,\"height\":368,\"caption\":\"Moviola\"},\"image\":{\"@id\":\"https:\\\/\\\/moviola.cz\\\/#\\\/schema\\\/logo\\\/image\\\/\"},\"sameAs\":[\"https:\\\/\\\/www.facebook.com\\\/moviola.cz\",\"https:\\\/\\\/www.instagram.com\\\/moviola.cz\"]}]}<\/script>\n<!-- \/ Yoast SEO plugin. -->","yoast_head_json":{"title":"Kontakt &#8212; Moviola","description":"Spojte se s n\u00e1mi! Jsme nez\u00e1visl\u00e1 filmov\u00e1 produkce p\u016fsob\u00edc\u00ed v Praze.","robots":{"index":"index","follow":"follow","max-snippet":"max-snippet:-1","max-image-preview":"max-image-preview:large","max-video-preview":"max-video-preview:-1"},"canonical":"https:\/\/moviola.cz\/en\/contact\/","og_locale":"en_GB","og_type":"article","og_title":"Kontakt &#8212; Moviola","og_description":"Spojte se s n\u00e1mi! Jsme nez\u00e1visl\u00e1 filmov\u00e1 produkce p\u016fsob\u00edc\u00ed v Praze.","og_url":"https:\/\/moviola.cz\/en\/contact\/","og_site_name":"Moviola","article_publisher":"https:\/\/www.facebook.com\/moviola.cz","article_modified_time":"2025-06-22T22:39:51+00:00","twitter_card":"summary_large_image","twitter_misc":{"Estimated reading time":"1 minute"},"schema":{"@context":"https:\/\/schema.org","@graph":[{"@type":"WebPage","@id":"https:\/\/moviola.cz\/contact\/","url":"https:\/\/moviola.cz\/contact\/","name":"Kontakt &#8212; Moviola","isPartOf":{"@id":"https:\/\/moviola.cz\/#website"},"datePublished":"2024-04-05T11:43:47+00:00","dateModified":"2025-06-22T22:39:51+00:00","description":"Spojte se s n\u00e1mi! Jsme nez\u00e1visl\u00e1 filmov\u00e1 produkce p\u016fsob\u00edc\u00ed v Praze.","breadcrumb":{"@id":"https:\/\/moviola.cz\/contact\/#breadcrumb"},"inLanguage":"en-GB","potentialAction":[{"@type":"ReadAction","target":["https:\/\/moviola.cz\/contact\/"]}]},{"@type":"BreadcrumbList","@id":"https:\/\/moviola.cz\/contact\/#breadcrumb","itemListElement":[{"@type":"ListItem","position":1,"name":"Dom\u016f","item":"https:\/\/moviola.cz\/"},{"@type":"ListItem","position":2,"name":"Kontakt"}]},{"@type":"WebSite","@id":"https:\/\/moviola.cz\/#website","url":"https:\/\/moviola.cz\/","name":"Moviola","description":"Nez\u00e1visl\u00e1 filmov\u00e1 produkce p\u016fsob\u00edc\u00ed v Praze","publisher":{"@id":"https:\/\/moviola.cz\/#organization"},"potentialAction":[{"@type":"SearchAction","target":{"@type":"EntryPoint","urlTemplate":"https:\/\/moviola.cz\/?s={search_term_string}"},"query-input":{"@type":"PropertyValueSpecification","valueRequired":true,"valueName":"search_term_string"}}],"inLanguage":"en-GB"},{"@type":"Organization","@id":"https:\/\/moviola.cz\/#organization","name":"Moviola","url":"https:\/\/moviola.cz\/","logo":{"@type":"ImageObject","inLanguage":"en-GB","@id":"https:\/\/moviola.cz\/#\/schema\/logo\/image\/","url":"https:\/\/moviola.cz\/wp-content\/uploads\/2024\/11\/moviola-logo-new-white-1000px.png","contentUrl":"https:\/\/moviola.cz\/wp-content\/uploads\/2024\/11\/moviola-logo-new-white-1000px.png","width":1000,"height":368,"caption":"Moviola"},"image":{"@id":"https:\/\/moviola.cz\/#\/schema\/logo\/image\/"},"sameAs":["https:\/\/www.facebook.com\/moviola.cz","https:\/\/www.instagram.com\/moviola.cz"]}]}},"_links":{"self":[{"href":"https:\/\/moviola.cz\/en\/wp-json\/wp\/v2\/pages\/39","targetHints":{"allow":["GET"]}}],"collection":[{"href":"https:\/\/moviola.cz\/en\/wp-json\/wp\/v2\/pages"}],"about":[{"href":"https:\/\/moviola.cz\/en\/wp-json\/wp\/v2\/types\/page"}],"author":[{"embeddable":true,"href":"https:\/\/moviola.cz\/en\/wp-json\/wp\/v2\/users\/1"}],"replies":[{"embeddable":true,"href":"https:\/\/moviola.cz\/en\/wp-json\/wp\/v2\/comments?post=39"}],"version-history":[{"count":22,"href":"https:\/\/moviola.cz\/en\/wp-json\/wp\/v2\/pages\/39\/revisions"}],"predecessor-version":[{"id":769,"href":"https:\/\/moviola.cz\/en\/wp-json\/wp\/v2\/pages\/39\/revisions\/769"}],"wp:attachment":[{"href":"https:\/\/moviola.cz\/en\/wp-json\/wp\/v2\/media?parent=39"}],"curies":[{"name":"wp","href":"https:\/\/api.w.org\/{rel}","templated":true}]}}