{"id":319,"date":"2024-05-12T22:01:40","date_gmt":"2024-05-12T20:01:40","guid":{"rendered":"https:\/\/moviola.cz\/?page_id=319"},"modified":"2025-06-23T00:38:41","modified_gmt":"2025-06-22T22:38:41","slug":"about-us","status":"publish","type":"page","link":"https:\/\/moviola.cz\/en\/about-us\/","title":{"rendered":"About Us"},"content":{"rendered":"<h1 class=\"wp-block-post-title\">About Us<\/h1>\n\n\n<div style=\"height:25px\" aria-hidden=\"true\" class=\"wp-block-spacer\"><\/div>\n\n\n\n<div class=\"wp-block-columns is-layout-flex wp-container-core-columns-is-layout-28f84493 wp-block-columns-is-layout-flex\">\n<div class=\"wp-block-column is-layout-flow wp-block-column-is-layout-flow\">\n<h3 class=\"wp-block-heading\">Moviola<\/h3>\n\n\n\n<p>Moviola is an independent film production company based in Prague. It was established to produce feature films and documentaries with important social issues, to draw attention to these topics and to open up discussion in society. One of the goals is also to enrich local cinema with stories with a deep impact that will have the opportunity to represent Czech audiovisual art abroad.<\/p>\n<\/div>\n\n\n\n<div class=\"wp-block-column is-layout-flow wp-block-column-is-layout-flow\">\n<h4 class=\"wp-block-heading\">Luk\u00e1\u0161 Proch\u00e1zka<\/h4>\n\n\n\n<p>Luk\u00e1\u0161 Proch\u00e1zka is the founder and producer of the company. He graduated from the high film school in Zl\u00edn. He then joined FAMU, where he is currently studying at the Department of Producing. During his studies he made several short films that were screened at many film festivals. He has also worked as a production assistant on several feature films. <br><br>In 2023, he was the executive director of the 39th FAMUFEST, a film festival organized by FAMU students. Other festivals he has worked on include Ji.hlava IDFF, Zl\u00edn Film Festival and One World. Besides producing films and working at film festivals, he is a year-round administrator of Scandinavian Cinema and Awards at the Czech-Slovak Film Database.<\/p>\n\n\n\n<div style=\"height:20px\" aria-hidden=\"true\" class=\"wp-block-spacer\"><\/div>\n\n\n\n<h4 class=\"wp-block-heading\">Anna Hor\u00e1kov\u00e1<\/h4>\n\n\n\n<p>Anna Hor\u00e1kov\u00e1 is a producer of the company. She graduated from the secondary economic lyceum in Prague. Then she started her studies at FAMU, where she is currently studying at the Department of Producing. During her studies she produced several short films. She is also involved in film production outside FAMU, for example, she collaborated with director Emilia Diatta on films <em>Clepsydra<\/em> and <em>Cl\u00e9o&amp;L\u00e9o<\/em>. In 2024 she was the executive director of the 40th FAMUFEST, a film festival organized by FAMU students.<\/p>\n<\/div>\n<\/div>","protected":false},"excerpt":{"rendered":"<p>Moviola Moviola je nez\u00e1visl\u00e1 filmov\u00e1 produkce p\u016fsob\u00edc\u00ed v Praze. Vznikla za \u00fa\u010delem v\u00fdroby hran\u00fdch a dokument\u00e1rn\u00edch film\u016f s d\u016fle\u017eit\u00fdmi spole\u010densk\u00fdmi t\u00e9maty, kter\u00fdmi na tato t\u00e9mata upozorn\u00ed a otev\u0159e ve spole\u010dnosti diskuzi. Jedn\u00edm z c\u00edl\u016f je takt\u00e9\u017e \u017e\u00e1nrov\u011b obohatit m\u00edstn\u00ed kinematografii o p\u0159\u00edb\u011bhy s hlubok\u00fdm p\u0159esahem, kter\u00e9 budou m\u00edt mo\u017enost reprezentovat \u010deskou audiovizi v zahrani\u010d\u00ed. Luk\u00e1\u0161 [&hellip;]<\/p>\n","protected":false},"author":1,"featured_media":0,"parent":0,"menu_order":0,"comment_status":"closed","ping_status":"closed","template":"","meta":{"footnotes":""},"class_list":["post-319","page","type-page","status-publish","hentry"],"featured_image_src":null,"yoast_head":"<!-- This site is optimized with the Yoast SEO plugin v27.3 - https:\/\/yoast.com\/product\/yoast-seo-wordpress\/ -->\n<title>O n\u00e1s &#8212; Moviola<\/title>\n<meta name=\"description\" content=\"Moviola je nez\u00e1visl\u00e1 filmov\u00e1 produkce p\u016fsob\u00edc\u00ed v Praze. Vznikla za \u00fa\u010delem v\u00fdroby hran\u00fdch a dokument\u00e1rn\u00edch film\u016f s d\u016fle\u017eit\u00fdmi spole\u010densk\u00fdmi t\u00e9maty.\" \/>\n<meta name=\"robots\" content=\"index, follow, max-snippet:-1, max-image-preview:large, max-video-preview:-1\" \/>\n<link rel=\"canonical\" href=\"https:\/\/moviola.cz\/en\/about-us\/\" \/>\n<meta property=\"og:locale\" content=\"en_GB\" \/>\n<meta property=\"og:type\" content=\"article\" \/>\n<meta property=\"og:title\" content=\"O n\u00e1s &#8212; Moviola\" \/>\n<meta property=\"og:description\" content=\"Moviola je nez\u00e1visl\u00e1 filmov\u00e1 produkce p\u016fsob\u00edc\u00ed v Praze. Vznikla za \u00fa\u010delem v\u00fdroby hran\u00fdch a dokument\u00e1rn\u00edch film\u016f s d\u016fle\u017eit\u00fdmi spole\u010densk\u00fdmi t\u00e9maty.\" \/>\n<meta property=\"og:url\" content=\"https:\/\/moviola.cz\/en\/about-us\/\" \/>\n<meta property=\"og:site_name\" content=\"Moviola\" \/>\n<meta property=\"article:publisher\" content=\"https:\/\/www.facebook.com\/moviola.cz\" \/>\n<meta property=\"article:modified_time\" content=\"2025-06-22T22:38:41+00:00\" \/>\n<meta name=\"twitter:card\" content=\"summary_large_image\" \/>\n<meta name=\"twitter:label1\" content=\"Estimated reading time\" \/>\n\t<meta name=\"twitter:data1\" content=\"2 minutes\" \/>\n<script type=\"application\/ld+json\" class=\"yoast-schema-graph\">{\"@context\":\"https:\\\/\\\/schema.org\",\"@graph\":[{\"@type\":\"WebPage\",\"@id\":\"https:\\\/\\\/moviola.cz\\\/about-us\\\/\",\"url\":\"https:\\\/\\\/moviola.cz\\\/about-us\\\/\",\"name\":\"O n\u00e1s &#8212; Moviola\",\"isPartOf\":{\"@id\":\"https:\\\/\\\/moviola.cz\\\/#website\"},\"datePublished\":\"2024-05-12T20:01:40+00:00\",\"dateModified\":\"2025-06-22T22:38:41+00:00\",\"description\":\"Moviola je nez\u00e1visl\u00e1 filmov\u00e1 produkce p\u016fsob\u00edc\u00ed v Praze. Vznikla za \u00fa\u010delem v\u00fdroby hran\u00fdch a dokument\u00e1rn\u00edch film\u016f s d\u016fle\u017eit\u00fdmi spole\u010densk\u00fdmi t\u00e9maty.\",\"breadcrumb\":{\"@id\":\"https:\\\/\\\/moviola.cz\\\/about-us\\\/#breadcrumb\"},\"inLanguage\":\"en-GB\",\"potentialAction\":[{\"@type\":\"ReadAction\",\"target\":[\"https:\\\/\\\/moviola.cz\\\/about-us\\\/\"]}]},{\"@type\":\"BreadcrumbList\",\"@id\":\"https:\\\/\\\/moviola.cz\\\/about-us\\\/#breadcrumb\",\"itemListElement\":[{\"@type\":\"ListItem\",\"position\":1,\"name\":\"Dom\u016f\",\"item\":\"https:\\\/\\\/moviola.cz\\\/\"},{\"@type\":\"ListItem\",\"position\":2,\"name\":\"O n\u00e1s\"}]},{\"@type\":\"WebSite\",\"@id\":\"https:\\\/\\\/moviola.cz\\\/#website\",\"url\":\"https:\\\/\\\/moviola.cz\\\/\",\"name\":\"Moviola\",\"description\":\"Nez\u00e1visl\u00e1 filmov\u00e1 produkce p\u016fsob\u00edc\u00ed v Praze\",\"publisher\":{\"@id\":\"https:\\\/\\\/moviola.cz\\\/#organization\"},\"potentialAction\":[{\"@type\":\"SearchAction\",\"target\":{\"@type\":\"EntryPoint\",\"urlTemplate\":\"https:\\\/\\\/moviola.cz\\\/?s={search_term_string}\"},\"query-input\":{\"@type\":\"PropertyValueSpecification\",\"valueRequired\":true,\"valueName\":\"search_term_string\"}}],\"inLanguage\":\"en-GB\"},{\"@type\":\"Organization\",\"@id\":\"https:\\\/\\\/moviola.cz\\\/#organization\",\"name\":\"Moviola\",\"url\":\"https:\\\/\\\/moviola.cz\\\/\",\"logo\":{\"@type\":\"ImageObject\",\"inLanguage\":\"en-GB\",\"@id\":\"https:\\\/\\\/moviola.cz\\\/#\\\/schema\\\/logo\\\/image\\\/\",\"url\":\"https:\\\/\\\/moviola.cz\\\/wp-content\\\/uploads\\\/2024\\\/11\\\/moviola-logo-new-white-1000px.png\",\"contentUrl\":\"https:\\\/\\\/moviola.cz\\\/wp-content\\\/uploads\\\/2024\\\/11\\\/moviola-logo-new-white-1000px.png\",\"width\":1000,\"height\":368,\"caption\":\"Moviola\"},\"image\":{\"@id\":\"https:\\\/\\\/moviola.cz\\\/#\\\/schema\\\/logo\\\/image\\\/\"},\"sameAs\":[\"https:\\\/\\\/www.facebook.com\\\/moviola.cz\",\"https:\\\/\\\/www.instagram.com\\\/moviola.cz\"]}]}<\/script>\n<!-- \/ Yoast SEO plugin. -->","yoast_head_json":{"title":"O n\u00e1s &#8212; Moviola","description":"Moviola je nez\u00e1visl\u00e1 filmov\u00e1 produkce p\u016fsob\u00edc\u00ed v Praze. Vznikla za \u00fa\u010delem v\u00fdroby hran\u00fdch a dokument\u00e1rn\u00edch film\u016f s d\u016fle\u017eit\u00fdmi spole\u010densk\u00fdmi t\u00e9maty.","robots":{"index":"index","follow":"follow","max-snippet":"max-snippet:-1","max-image-preview":"max-image-preview:large","max-video-preview":"max-video-preview:-1"},"canonical":"https:\/\/moviola.cz\/en\/about-us\/","og_locale":"en_GB","og_type":"article","og_title":"O n\u00e1s &#8212; Moviola","og_description":"Moviola je nez\u00e1visl\u00e1 filmov\u00e1 produkce p\u016fsob\u00edc\u00ed v Praze. Vznikla za \u00fa\u010delem v\u00fdroby hran\u00fdch a dokument\u00e1rn\u00edch film\u016f s d\u016fle\u017eit\u00fdmi spole\u010densk\u00fdmi t\u00e9maty.","og_url":"https:\/\/moviola.cz\/en\/about-us\/","og_site_name":"Moviola","article_publisher":"https:\/\/www.facebook.com\/moviola.cz","article_modified_time":"2025-06-22T22:38:41+00:00","twitter_card":"summary_large_image","twitter_misc":{"Estimated reading time":"2 minutes"},"schema":{"@context":"https:\/\/schema.org","@graph":[{"@type":"WebPage","@id":"https:\/\/moviola.cz\/about-us\/","url":"https:\/\/moviola.cz\/about-us\/","name":"O n\u00e1s &#8212; Moviola","isPartOf":{"@id":"https:\/\/moviola.cz\/#website"},"datePublished":"2024-05-12T20:01:40+00:00","dateModified":"2025-06-22T22:38:41+00:00","description":"Moviola je nez\u00e1visl\u00e1 filmov\u00e1 produkce p\u016fsob\u00edc\u00ed v Praze. Vznikla za \u00fa\u010delem v\u00fdroby hran\u00fdch a dokument\u00e1rn\u00edch film\u016f s d\u016fle\u017eit\u00fdmi spole\u010densk\u00fdmi t\u00e9maty.","breadcrumb":{"@id":"https:\/\/moviola.cz\/about-us\/#breadcrumb"},"inLanguage":"en-GB","potentialAction":[{"@type":"ReadAction","target":["https:\/\/moviola.cz\/about-us\/"]}]},{"@type":"BreadcrumbList","@id":"https:\/\/moviola.cz\/about-us\/#breadcrumb","itemListElement":[{"@type":"ListItem","position":1,"name":"Dom\u016f","item":"https:\/\/moviola.cz\/"},{"@type":"ListItem","position":2,"name":"O n\u00e1s"}]},{"@type":"WebSite","@id":"https:\/\/moviola.cz\/#website","url":"https:\/\/moviola.cz\/","name":"Moviola","description":"Nez\u00e1visl\u00e1 filmov\u00e1 produkce p\u016fsob\u00edc\u00ed v Praze","publisher":{"@id":"https:\/\/moviola.cz\/#organization"},"potentialAction":[{"@type":"SearchAction","target":{"@type":"EntryPoint","urlTemplate":"https:\/\/moviola.cz\/?s={search_term_string}"},"query-input":{"@type":"PropertyValueSpecification","valueRequired":true,"valueName":"search_term_string"}}],"inLanguage":"en-GB"},{"@type":"Organization","@id":"https:\/\/moviola.cz\/#organization","name":"Moviola","url":"https:\/\/moviola.cz\/","logo":{"@type":"ImageObject","inLanguage":"en-GB","@id":"https:\/\/moviola.cz\/#\/schema\/logo\/image\/","url":"https:\/\/moviola.cz\/wp-content\/uploads\/2024\/11\/moviola-logo-new-white-1000px.png","contentUrl":"https:\/\/moviola.cz\/wp-content\/uploads\/2024\/11\/moviola-logo-new-white-1000px.png","width":1000,"height":368,"caption":"Moviola"},"image":{"@id":"https:\/\/moviola.cz\/#\/schema\/logo\/image\/"},"sameAs":["https:\/\/www.facebook.com\/moviola.cz","https:\/\/www.instagram.com\/moviola.cz"]}]}},"_links":{"self":[{"href":"https:\/\/moviola.cz\/en\/wp-json\/wp\/v2\/pages\/319","targetHints":{"allow":["GET"]}}],"collection":[{"href":"https:\/\/moviola.cz\/en\/wp-json\/wp\/v2\/pages"}],"about":[{"href":"https:\/\/moviola.cz\/en\/wp-json\/wp\/v2\/types\/page"}],"author":[{"embeddable":true,"href":"https:\/\/moviola.cz\/en\/wp-json\/wp\/v2\/users\/1"}],"replies":[{"embeddable":true,"href":"https:\/\/moviola.cz\/en\/wp-json\/wp\/v2\/comments?post=319"}],"version-history":[{"count":4,"href":"https:\/\/moviola.cz\/en\/wp-json\/wp\/v2\/pages\/319\/revisions"}],"predecessor-version":[{"id":768,"href":"https:\/\/moviola.cz\/en\/wp-json\/wp\/v2\/pages\/319\/revisions\/768"}],"wp:attachment":[{"href":"https:\/\/moviola.cz\/en\/wp-json\/wp\/v2\/media?parent=319"}],"curies":[{"name":"wp","href":"https:\/\/api.w.org\/{rel}","templated":true}]}}