{"id":286,"date":"2024-05-12T20:59:09","date_gmt":"2024-05-12T18:59:09","guid":{"rendered":"https:\/\/moviola.cz\/?page_id=286"},"modified":"2025-09-11T21:38:11","modified_gmt":"2025-09-11T19:38:11","slug":"news","status":"publish","type":"page","link":"https:\/\/moviola.cz\/en\/news\/","title":{"rendered":"News"},"content":{"rendered":"<h1 class=\"wp-block-post-title\">News<\/h1>\n\n\n<div style=\"height:30px\" aria-hidden=\"true\" class=\"wp-block-spacer\"><\/div>\n\n\n<ul style=\"font-size:clamp(14px, 0.875rem + ((1vw - 3.2px) * 0.268), 17px); padding-top:0;padding-bottom:0;padding-left:0;padding-right:0;\" class=\"wp-block-latest-posts__list has-dates wp-block-latest-posts\"><li><div class=\"wp-block-latest-posts__featured-image alignleft\"><a href=\"https:\/\/moviola.cz\/en\/ucast-tvurcu-primum-non-nocere-v-cannes\/\" aria-label=\"Participation of First, Do No Harm in Cannes\"><img loading=\"lazy\" decoding=\"async\" width=\"4096\" height=\"2731\" src=\"https:\/\/moviola.cz\/wp-content\/uploads\/2025\/09\/Primum-non-nocere-Cannes-pitching_photo_Gregoire_Lentini.jpg\" class=\"attachment-medium size-medium wp-post-image\" alt=\"\" style=\"max-width:300px;\" srcset=\"https:\/\/moviola.cz\/wp-content\/uploads\/2025\/09\/Primum-non-nocere-Cannes-pitching_photo_Gregoire_Lentini.jpg 4096w, https:\/\/moviola.cz\/wp-content\/uploads\/2025\/09\/Primum-non-nocere-Cannes-pitching_photo_Gregoire_Lentini-768x512.jpg 768w, https:\/\/moviola.cz\/wp-content\/uploads\/2025\/09\/Primum-non-nocere-Cannes-pitching_photo_Gregoire_Lentini-1536x1024.jpg 1536w, https:\/\/moviola.cz\/wp-content\/uploads\/2025\/09\/Primum-non-nocere-Cannes-pitching_photo_Gregoire_Lentini-2048x1366.jpg 2048w, https:\/\/moviola.cz\/wp-content\/uploads\/2025\/09\/Primum-non-nocere-Cannes-pitching_photo_Gregoire_Lentini-18x12.jpg 18w\" sizes=\"auto, (max-width: 4096px) 100vw, 4096px\" \/><\/a><\/div><a class=\"wp-block-latest-posts__post-title\" href=\"https:\/\/moviola.cz\/en\/ucast-tvurcu-primum-non-nocere-v-cannes\/\">Participation of First, Do No Harm in Cannes<\/a><time datetime=\"2024-05-28T18:25:52+02:00\" class=\"wp-block-latest-posts__post-date\">28. 5. 2024<\/time><div class=\"wp-block-latest-posts__post-excerpt\">P\u0159ipravovan\u00fd absolventsk\u00fd film Anny Wowry, P\u0159edev\u0161\u00edm neubl\u00ed\u017eit, byl minul\u00fd t\u00fdden prezentov\u00e1n na Festival de Cannes filmov\u00fdm profesion\u00e1l\u016fm v r\u00e1mci programu Focus SCRIPT, kam byl projekt vybr\u00e1n. Programu, kter\u00fd po\u0159\u00e1d\u00e1 Cin\u00e9ma de Demain se z\u00fa\u010dastnila re\u017eis\u00e9rka Anna Wowra a producent Luk\u00e1\u0161\u2026 <a class=\"wp-block-latest-posts__read-more\" href=\"https:\/\/moviola.cz\/en\/ucast-tvurcu-primum-non-nocere-v-cannes\/\" rel=\"noopener noreferrer\">Read more<span class=\"screen-reader-text\">: \u00da\u010dast tv\u016frc\u016f P\u0159edev\u0161\u00edm neubl\u00ed\u017eit v Cannes<\/span><\/a><\/div><\/li>\n<\/ul>\n\n\n<div style=\"height:50px\" aria-hidden=\"true\" class=\"wp-block-spacer\"><\/div>","protected":false},"excerpt":{"rendered":"","protected":false},"author":1,"featured_media":0,"parent":0,"menu_order":0,"comment_status":"closed","ping_status":"closed","template":"","meta":{"footnotes":""},"class_list":["post-286","page","type-page","status-publish","hentry"],"featured_image_src":null,"yoast_head":"<!-- This site is optimized with the Yoast SEO plugin v27.3 - https:\/\/yoast.com\/product\/yoast-seo-wordpress\/ -->\n<title>Aktuality &#8212; Moviola<\/title>\n<meta name=\"robots\" content=\"index, follow, max-snippet:-1, max-image-preview:large, max-video-preview:-1\" \/>\n<link rel=\"canonical\" href=\"https:\/\/moviola.cz\/en\/news\/\" \/>\n<meta property=\"og:locale\" content=\"en_GB\" \/>\n<meta property=\"og:type\" content=\"article\" \/>\n<meta property=\"og:title\" content=\"Aktuality &#8212; Moviola\" \/>\n<meta property=\"og:url\" content=\"https:\/\/moviola.cz\/en\/news\/\" \/>\n<meta property=\"og:site_name\" content=\"Moviola\" \/>\n<meta property=\"article:publisher\" content=\"https:\/\/www.facebook.com\/moviola.cz\" \/>\n<meta property=\"article:modified_time\" content=\"2025-09-11T19:38:11+00:00\" \/>\n<meta name=\"twitter:card\" content=\"summary_large_image\" \/>\n<script type=\"application\/ld+json\" class=\"yoast-schema-graph\">{\"@context\":\"https:\\\/\\\/schema.org\",\"@graph\":[{\"@type\":\"WebPage\",\"@id\":\"https:\\\/\\\/moviola.cz\\\/news\\\/\",\"url\":\"https:\\\/\\\/moviola.cz\\\/news\\\/\",\"name\":\"Aktuality &#8212; Moviola\",\"isPartOf\":{\"@id\":\"https:\\\/\\\/moviola.cz\\\/#website\"},\"datePublished\":\"2024-05-12T18:59:09+00:00\",\"dateModified\":\"2025-09-11T19:38:11+00:00\",\"breadcrumb\":{\"@id\":\"https:\\\/\\\/moviola.cz\\\/news\\\/#breadcrumb\"},\"inLanguage\":\"en-GB\",\"potentialAction\":[{\"@type\":\"ReadAction\",\"target\":[\"https:\\\/\\\/moviola.cz\\\/news\\\/\"]}]},{\"@type\":\"BreadcrumbList\",\"@id\":\"https:\\\/\\\/moviola.cz\\\/news\\\/#breadcrumb\",\"itemListElement\":[{\"@type\":\"ListItem\",\"position\":1,\"name\":\"Dom\u016f\",\"item\":\"https:\\\/\\\/moviola.cz\\\/\"},{\"@type\":\"ListItem\",\"position\":2,\"name\":\"Aktuality\"}]},{\"@type\":\"WebSite\",\"@id\":\"https:\\\/\\\/moviola.cz\\\/#website\",\"url\":\"https:\\\/\\\/moviola.cz\\\/\",\"name\":\"Moviola\",\"description\":\"Nez\u00e1visl\u00e1 filmov\u00e1 produkce p\u016fsob\u00edc\u00ed v Praze\",\"publisher\":{\"@id\":\"https:\\\/\\\/moviola.cz\\\/#organization\"},\"potentialAction\":[{\"@type\":\"SearchAction\",\"target\":{\"@type\":\"EntryPoint\",\"urlTemplate\":\"https:\\\/\\\/moviola.cz\\\/?s={search_term_string}\"},\"query-input\":{\"@type\":\"PropertyValueSpecification\",\"valueRequired\":true,\"valueName\":\"search_term_string\"}}],\"inLanguage\":\"en-GB\"},{\"@type\":\"Organization\",\"@id\":\"https:\\\/\\\/moviola.cz\\\/#organization\",\"name\":\"Moviola\",\"url\":\"https:\\\/\\\/moviola.cz\\\/\",\"logo\":{\"@type\":\"ImageObject\",\"inLanguage\":\"en-GB\",\"@id\":\"https:\\\/\\\/moviola.cz\\\/#\\\/schema\\\/logo\\\/image\\\/\",\"url\":\"https:\\\/\\\/moviola.cz\\\/wp-content\\\/uploads\\\/2024\\\/11\\\/moviola-logo-new-white-1000px.png\",\"contentUrl\":\"https:\\\/\\\/moviola.cz\\\/wp-content\\\/uploads\\\/2024\\\/11\\\/moviola-logo-new-white-1000px.png\",\"width\":1000,\"height\":368,\"caption\":\"Moviola\"},\"image\":{\"@id\":\"https:\\\/\\\/moviola.cz\\\/#\\\/schema\\\/logo\\\/image\\\/\"},\"sameAs\":[\"https:\\\/\\\/www.facebook.com\\\/moviola.cz\",\"https:\\\/\\\/www.instagram.com\\\/moviola.cz\"]}]}<\/script>\n<!-- \/ Yoast SEO plugin. -->","yoast_head_json":{"title":"Aktuality &#8212; Moviola","robots":{"index":"index","follow":"follow","max-snippet":"max-snippet:-1","max-image-preview":"max-image-preview:large","max-video-preview":"max-video-preview:-1"},"canonical":"https:\/\/moviola.cz\/en\/news\/","og_locale":"en_GB","og_type":"article","og_title":"Aktuality &#8212; Moviola","og_url":"https:\/\/moviola.cz\/en\/news\/","og_site_name":"Moviola","article_publisher":"https:\/\/www.facebook.com\/moviola.cz","article_modified_time":"2025-09-11T19:38:11+00:00","twitter_card":"summary_large_image","schema":{"@context":"https:\/\/schema.org","@graph":[{"@type":"WebPage","@id":"https:\/\/moviola.cz\/news\/","url":"https:\/\/moviola.cz\/news\/","name":"Aktuality &#8212; Moviola","isPartOf":{"@id":"https:\/\/moviola.cz\/#website"},"datePublished":"2024-05-12T18:59:09+00:00","dateModified":"2025-09-11T19:38:11+00:00","breadcrumb":{"@id":"https:\/\/moviola.cz\/news\/#breadcrumb"},"inLanguage":"en-GB","potentialAction":[{"@type":"ReadAction","target":["https:\/\/moviola.cz\/news\/"]}]},{"@type":"BreadcrumbList","@id":"https:\/\/moviola.cz\/news\/#breadcrumb","itemListElement":[{"@type":"ListItem","position":1,"name":"Dom\u016f","item":"https:\/\/moviola.cz\/"},{"@type":"ListItem","position":2,"name":"Aktuality"}]},{"@type":"WebSite","@id":"https:\/\/moviola.cz\/#website","url":"https:\/\/moviola.cz\/","name":"Moviola","description":"Nez\u00e1visl\u00e1 filmov\u00e1 produkce p\u016fsob\u00edc\u00ed v Praze","publisher":{"@id":"https:\/\/moviola.cz\/#organization"},"potentialAction":[{"@type":"SearchAction","target":{"@type":"EntryPoint","urlTemplate":"https:\/\/moviola.cz\/?s={search_term_string}"},"query-input":{"@type":"PropertyValueSpecification","valueRequired":true,"valueName":"search_term_string"}}],"inLanguage":"en-GB"},{"@type":"Organization","@id":"https:\/\/moviola.cz\/#organization","name":"Moviola","url":"https:\/\/moviola.cz\/","logo":{"@type":"ImageObject","inLanguage":"en-GB","@id":"https:\/\/moviola.cz\/#\/schema\/logo\/image\/","url":"https:\/\/moviola.cz\/wp-content\/uploads\/2024\/11\/moviola-logo-new-white-1000px.png","contentUrl":"https:\/\/moviola.cz\/wp-content\/uploads\/2024\/11\/moviola-logo-new-white-1000px.png","width":1000,"height":368,"caption":"Moviola"},"image":{"@id":"https:\/\/moviola.cz\/#\/schema\/logo\/image\/"},"sameAs":["https:\/\/www.facebook.com\/moviola.cz","https:\/\/www.instagram.com\/moviola.cz"]}]}},"_links":{"self":[{"href":"https:\/\/moviola.cz\/en\/wp-json\/wp\/v2\/pages\/286","targetHints":{"allow":["GET"]}}],"collection":[{"href":"https:\/\/moviola.cz\/en\/wp-json\/wp\/v2\/pages"}],"about":[{"href":"https:\/\/moviola.cz\/en\/wp-json\/wp\/v2\/types\/page"}],"author":[{"embeddable":true,"href":"https:\/\/moviola.cz\/en\/wp-json\/wp\/v2\/users\/1"}],"replies":[{"embeddable":true,"href":"https:\/\/moviola.cz\/en\/wp-json\/wp\/v2\/comments?post=286"}],"version-history":[{"count":26,"href":"https:\/\/moviola.cz\/en\/wp-json\/wp\/v2\/pages\/286\/revisions"}],"predecessor-version":[{"id":870,"href":"https:\/\/moviola.cz\/en\/wp-json\/wp\/v2\/pages\/286\/revisions\/870"}],"wp:attachment":[{"href":"https:\/\/moviola.cz\/en\/wp-json\/wp\/v2\/media?parent=286"}],"curies":[{"name":"wp","href":"https:\/\/api.w.org\/{rel}","templated":true}]}}